{"id":874,"date":"2024-09-04T00:44:12","date_gmt":"2024-09-03T22:44:12","guid":{"rendered":"https:\/\/harpi.st\/musik\/"},"modified":"2024-09-11T20:14:33","modified_gmt":"2024-09-11T18:14:33","slug":"musik","status":"publish","type":"page","link":"https:\/\/harpist.dk\/sv\/musik\/","title":{"rendered":"Musik"},"content":{"rendered":"\n<h2 class=\"wp-block-heading has-text-color has-link-color wp-elements-41cb2b37f77a5a67b1bac45bd16ed88b\" style=\"color:#10444c;font-size:clamp(23.043px, 1.44rem + ((1vw - 3.2px) * 1.7), 38px);px;line-height:1.4\"><strong>Ett urval av l\u00e5tar som jag kan spela p\u00e5 harpa. <\/strong>Jag arbetar f\u00f6r n\u00e4rvarande med att ut\u00f6ka min repertoar av popul\u00e4ra svenska l\u00e5tar. V\u00e4nligen meddela mig om du har n\u00e5gra speciella \u00f6nskem\u00e5l. <\/h2>\n\n<div class=\"wp-block-group alignfull has-global-padding is-layout-constrained wp-container-core-group-is-layout-28740690 wp-block-group-is-layout-constrained\" style=\"margin-top:0;margin-bottom:0;padding-top:100px;padding-bottom:100px\">\n<div class=\"wp-block-columns is-layout-flex wp-container-core-columns-is-layout-6c1444e2 wp-block-columns-is-layout-flex\">\n<div class=\"wp-block-column is-layout-flow wp-container-core-column-is-layout-3ca914a4 wp-block-column-is-layout-flow\">\n<h5 class=\"wp-block-heading has-text-align-left has-text-color\" style=\"color:#10444c;font-size:clamp(15.747px, 0.984rem + ((1vw - 3.2px) * 0.938), 24px);font-style:normal;font-weight:600;text-transform:capitalize\"><strong><strong>Popul\u00e4r musik<\/strong><\/strong><\/h5>\n\n\n\n<p class=\"has-text-align-left\"><strong>Andrea Bocelli<\/strong><br\/><em>Time To Say Goodbye<\/em><\/p>\n\n\n\n<p><strong>Barbara Streisand<\/strong><br\/><em>Evergreen<\/em><\/p>\n\n\n\n<p><strong>Bee Gees<\/strong><br\/><em>How Deep Is Your Love<\/em><\/p>\n\n\n\n<p><strong>Bette Midler<\/strong><br\/><em>The Rose<\/em><br\/><em>The Wind Beneath My Wings<\/em><\/p>\n\n\n\n<p><strong>Beyonc\u00e9<\/strong><br\/><em>Halo<\/em><\/p>\n\n\n\n<p><strong>Billie Eilish<\/strong><br\/><em>Ocean Eyes<\/em><br\/><em>What Was I Made For<\/em><br\/><em>Lovely<\/em><\/p>\n\n\n\n<p><strong>Billy Joe Thomas<\/strong><br\/><em>Raindrops Keep Fallin&#8217; On My Head<\/em><\/p>\n\n\n\n<p><strong>Bruno Mars<\/strong><br\/><em>Marry You<\/em><\/p>\n\n\n\n<p><strong>Calum Scott<\/strong><br\/><em>You Are The Reason<\/em><\/p>\n\n\n\n<p><strong>Celine Dion<\/strong><br\/><em>All by Myself<\/em><br\/><em>The Prayer<\/em><\/p>\n\n\n\n<p><strong>Christina Perri<\/strong><br\/><em>A Thousand Years<\/em><\/p>\n\n\n\n<figure class=\"wp-block-audio\"><audio controls=\"\" src=\"https:\/\/harpist.dk\/wp-content\/uploads\/2024\/09\/A-Thousand-Years-1.mp3\"><\/audio><\/figure>\n\n\n\n<p><strong>Coldplay<\/strong><br\/><em>Clocks<\/em><br\/><em>Paradise<\/em><\/p>\n\n\n\n<p><strong>David Guetta feat. Sia <\/strong><br\/><em>Titanium<\/em><\/p>\n\n\n\n<p><strong>Demis Roussos<\/strong><br\/><em>Goodbye My Love Goodbye<\/em><\/p>\n\n\n\n<p><strong>Des&#8217;ree<\/strong><br\/><em>Kissing You<\/em><\/p>\n\n\n\n<p><strong>Ed Sheeran<\/strong><br\/><em>Perfect<\/em><br\/><em>Photograph<\/em><br\/><em>Thinking Out Loud<\/em><\/p>\n\n\n\n<figure class=\"wp-block-audio\"><audio controls=\"\" src=\"https:\/\/harpist.dk\/wp-content\/uploads\/2024\/09\/Thinking-Out-Loud-Ed-Sheeran.mp3\"><\/audio><\/figure>\n\n\n\n<p><strong>Edith Piaf<\/strong><br\/><em>La Vie En Rose<\/em><\/p>\n\n\n\n<p><strong>Ellie Goulding<\/strong><br\/><em>Love Me Like You Do<\/em><br\/><em>How Long Will I Love You<\/em><\/p>\n\n\n\n<p><strong>Elton John<\/strong><br\/><em>Your Song<\/em><\/p>\n\n\n\n<p><strong>Elvis Presley<\/strong><br\/><em>Blue Hawaii<\/em><br\/><em>Can&#8217;t Help Falling in Love<\/em><br\/><em>Hawaiian Wedding Song<\/em><\/p>\n\n\n\n<figure class=\"wp-block-audio\"><audio controls=\"\" src=\"https:\/\/harpist.dk\/wp-content\/uploads\/2024\/09\/Cant-Help-Falling-In-Love-Elvis.mp3\"><\/audio><\/figure>\n\n\n\n<p><strong>Emeli Sande<\/strong><br\/><em>Beneath Your Beautiful<\/em><\/p>\n\n\n\n<p><strong>Etta James<\/strong><br\/><em>At Last<\/em><\/p>\n\n\n\n<p><strong>Fleetwood Mac<\/strong><br\/><em>Songbird<\/em><\/p>\n\n\n\n<p><strong>Florence and The Machine<\/strong><br\/><em>Cosmic Love<\/em><\/p>\n\n\n\n<p><strong>Foo Fighters<\/strong><br\/><em>Everlong<\/em><\/p>\n\n\n\n<p><strong>Frank Sinatra<\/strong><br\/><em>My Way<\/em><\/p>\n\n\n\n<p><strong>George Michael<\/strong><br\/><em>Careless Whisper<\/em><\/p>\n\n\n\n<p><strong>Glen Hansard<\/strong><br\/><em>Falling Slowly<\/em><\/p>\n\n\n\n<p><strong>Guns n&#8217; Roses<\/strong><br\/><em>Sweet Child O&#8217; Mine<\/em><\/p>\n\n\n\n<p><strong>Harry Styles<\/strong><br\/><em>Adore You<\/em><\/p>\n\n\n\n<p><strong>Henry Mancini<\/strong><br\/><em>Moon River<\/em><\/p>\n\n\n\n<p><strong>James Arthur<\/strong><br\/><em>Say You Won&#8217;t Let Go<\/em><\/p>\n\n\n\n<p><strong>Jason Mraz<\/strong><br\/><em>I&#8217;m Yours<\/em><\/p>\n\n\n\n<p><strong>John Denver<\/strong><br\/><em>Sunshine on My Shoulders<\/em><\/p>\n\n\n\n<p><strong>John Legend<\/strong><br\/><em>All of Me<\/em><\/p>\n\n\n\n<figure class=\"wp-block-audio\"><audio controls=\"\" src=\"https:\/\/harpist.dk\/wp-content\/uploads\/2024\/09\/All-Of-Me-John-Legend.mp3\"><\/audio><\/figure>\n\n\n\n<p><strong>Josh Groban\/Westlife<\/strong><br\/><em>You Raise Me Up<\/em><\/p>\n\n\n\n<p><strong>Lana Del Rey<\/strong><br\/><em>Video Games<\/em><br\/><em>Young and Beautiful<\/em><\/p>\n\n\n\n<p><strong>Led Zeppelin<\/strong><br\/><em>Going to California<\/em><\/p>\n\n\n\n<p><strong>Leonard Cohen<\/strong><br\/><em>Hallelujah<\/em><\/p>\n\n\n\n<p><strong>Lewis Capaldi<\/strong><br\/><em>Someone You Loved<\/em><\/p>\n\n\n\n<p><strong>Lionel Richie<\/strong><br\/><em>Endless Love<\/em><\/p>\n\n\n\n<p><strong>Lorde<\/strong><br\/><em>Royals<\/em><\/p>\n\n\n\n<p><strong>Maroon 5<\/strong><br\/><em>She Will Be Loved<\/em><\/p>\n\n\n\n<p><strong>Mariah Carey<\/strong><br\/><em>Without You<\/em><\/p>\n\n\n\n<p><strong>Oasis<\/strong><br\/><em>Wonderwall<\/em><\/p>\n\n\n\n<p><strong>Olivia Rodrigo<\/strong><br\/><em>Drivers License<\/em><\/p>\n\n\n\n<p><strong>Owl City<\/strong><br\/><em>Fireflies<\/em><\/p>\n\n\n\n<p><strong>Pachabel<\/strong><br\/><em>Canon in D<\/em><\/p>\n\n\n\n<p><strong>Paul Stookey<\/strong><br\/><em>The Wedding Song (There is Love)<\/em><\/p>\n\n\n\n<p><strong>Queen<\/strong><br\/><em>Love of My Life<\/em><\/p>\n\n\n\n<p><strong>Rihanna<\/strong><br\/><em>We Found Love in a Hopeless Place<\/em><\/p>\n\n\n\n<p><strong>Righteous Brothers<\/strong><br\/><em>Unchained Melody<\/em><\/p>\n\n\n\n<p><strong>Simon and Garfunkel<\/strong><br\/><em>Scarborough Fair<\/em><\/p>\n\n\n\n<p><strong>Stevie Wonder<\/strong><br\/><em>Isn&#8217;t She Lovely<\/em><\/p>\n\n\n\n<p><strong>Sting<\/strong><br\/><em>Fields of Gold<\/em><\/p>\n\n\n\n<p><strong>Taylor Swift<\/strong><br\/><em>Wildest Dreams<\/em><br\/><em>Lover<\/em><br\/><em>Love Story<\/em><\/p>\n\n\n\n<p><strong>The Beatles<\/strong><br\/><em>All You Need Is Love<\/em><br\/><em>Here Comes the Sun<\/em><br\/><em>I Will<\/em><br\/><em>Yesterday<\/em><\/p>\n\n\n\n<figure class=\"wp-block-audio\"><audio controls=\"\" src=\"https:\/\/harpist.dk\/wp-content\/uploads\/2024\/09\/All-you-need-is-love-beatles.mp3\"><\/audio><\/figure>\n\n\n\n<p><strong>The Lumineers<\/strong><br\/><em>Ho Hey<\/em><\/p>\n\n\n\n<p><strong>The Verve<\/strong><br\/><em>Bittersweet Symphony<\/em><\/p>\n\n\n\n<p><strong>Toto<\/strong><br\/><em>Africa<\/em><\/p>\n\n\n\n<p><strong>Train<\/strong><br\/><em>Marry Me<\/em><\/p>\n\n\n\n<p><strong>Van Morrison<\/strong><br\/><em>Moondance<\/em><\/p>\n\n\n\n<p><strong>Walk The Moon<\/strong><br\/><em>Shut Up and Dance<\/em><\/p>\n\n\n\n<p><strong>Yiruma<\/strong><br\/><em>River Flows in You<\/em><\/p>\n\n\n\n<p><strong>Autumn Leaves<\/strong><\/p>\n<\/div>\n\n\n\n<div class=\"wp-block-column is-layout-flow wp-container-core-column-is-layout-3ca914a4 wp-block-column-is-layout-flow\">\n<h5 class=\"wp-block-heading has-text-align-left has-text-color\" style=\"color:#10444c;font-size:clamp(15.747px, 0.984rem + ((1vw - 3.2px) * 0.938), 24px);font-style:normal;font-weight:600;text-transform:capitalize\"><strong><strong><strong>L\u00e5tar fr\u00e5n filmer\/musikaler\/spel<\/strong><\/strong><\/strong><\/h5>\n\n\n\n<p class=\"has-text-align-left\"><strong>Aladdin<br\/><\/strong><em>A Whole New World<\/em><\/p>\n\n\n\n<figure class=\"wp-block-audio\"><audio controls=\"\" src=\"https:\/\/harpist.dk\/wp-content\/uploads\/2024\/09\/A-whole-new-world.mp3\"><\/audio><\/figure>\n\n\n\n<p><strong>Alice in Wonderland<\/strong><strong><br\/><\/strong><em>All in the Golden Afternoon<\/em><em><br\/><\/em><em>I\u2019m Late<\/em><em><br\/><\/em><em>The Unbirthday Song<\/em><\/p>\n\n\n\n<p><strong>A Star Is Born<\/strong><strong><br\/><\/strong><em>Shallow<\/em><\/p>\n\n\n\n<p><strong>Bambi<\/strong><strong><br\/><\/strong><em>Little April Shower<\/em><em><br\/><\/em><em>Love Is a Song<\/em><\/p>\n\n\n\n<p><strong>Beauty and the Beast<\/strong><strong><br\/><\/strong><em>Be Our Guest<\/em><em><br\/><\/em><em>Beauty and the Beast <\/em><em><br\/><\/em><em>Something There<\/em><\/p>\n\n\n\n<p><strong>Brave<\/strong><strong><br\/><\/strong><em>Touch the Sky<\/em><em><br\/><\/em><em>Into the Open Air<\/em><em><br\/><\/em><em>Learn Me Right<\/em><em><br\/><\/em><em>Noble Maiden Fair<\/em><em><br\/><\/em><em>Merida&#8217;s Home<\/em><em><br\/><\/em><em>The Games<\/em><em><br\/><\/em><em>For the Love of a Princess<\/em> (from <em>Braveheart<\/em>)<\/p>\n\n\n\n<p><strong>Cinderella<\/strong><strong><br\/><\/strong><em>A Dream Is a Wish Your Heart Makes<\/em><em><br\/><\/em><em>Bibbidi-Bobbidi-Boo<\/em><\/p>\n\n\n\n<p><strong>Despicable Me 2<\/strong><strong><br\/><\/strong><em>Happy<\/em> &#8211; Pharrell Williams<\/p>\n\n\n\n<p><strong>Dumbo<\/strong><strong><br\/><\/strong><em>Baby Mine<\/em><em><br\/><\/em><em>Casey Jr.<\/em><em><br\/><\/em><em>Pink Elephants on Parade<\/em><\/p>\n\n\n\n<p><strong>Elder Scrolls III <\/strong><\/p>\n\n\n\n<p><em>Main Theme Morrowmind<\/em><\/p>\n\n\n\n<p><strong>Frozen<\/strong><strong><br\/><\/strong><em>Let It Go<\/em><em><br\/><\/em><em>Do You Want to Build a Snowman?<\/em><em><br\/><\/em><em>Heimr Arnadalr<\/em><\/p>\n\n\n\n<p><strong>Game of Thrones<\/strong><strong><br\/><\/strong><em>Theme from Game of Thrones<\/em><\/p>\n\n\n\n<p><strong>Harry Potter<\/strong><\/p>\n\n\n\n<p>Hedwigs theme<\/p>\n\n\n\n<p><strong>Lady and the Tramp<\/strong><strong><br\/><\/strong><em>Bella Notte<\/em><em><br\/><\/em><em>He\u2019s a Tramp<\/em><em><br\/><\/em><em>La La Lu<\/em><em><br\/><\/em><em>Peace on Earth<\/em><em><br\/><\/em><em>The Siamese Cat Song<\/em><\/p>\n\n\n\n<p><strong>La La Land<\/strong><strong><br\/><\/strong><em>Mia  Sebastian&#8217;s Theme<\/em><em><br\/><\/em><em>City of Stars<\/em><em><br\/><\/em><em>The Audition (The Fools Who Dream)<\/em><\/p>\n\n\n\n<p><strong>Lava<\/strong> (from the Disney-Pixar short film)<\/p>\n\n\n\n<p><strong>The Lion King<\/strong><strong><br\/><\/strong><em>Can You Feel the Love Tonight<\/em><\/p>\n\n\n\n<p><strong>Lord of the Rings<\/strong><\/p>\n\n\n\n<p><em>Concerning Hobbits<\/em><strong><br\/><\/strong><em>Into the West<\/em><\/p>\n\n\n\n<p><strong>Love Acually<\/strong><\/p>\n\n\n\n<p><em>Glasgow Love Theme<\/em><\/p>\n\n\n\n<p><strong>Mary Poppins<\/strong><strong><br\/><\/strong><em>Chim Chim Cher-ee<\/em><em><br\/><\/em><em>Feed the Birds<\/em><em><br\/><\/em><em>Let\u2019s Go Fly a Kite<\/em><em><br\/><\/em><em>Stay Awake<\/em><em><br\/><\/em><em>Supercalifragilisticexpialidocious<\/em><\/p>\n\n\n\n<p><strong>Moana<\/strong><strong><br\/><\/strong><em>How Far I&#8217;ll Go<\/em><\/p>\n\n\n\n<p><strong>Peter Pan<\/strong><strong><br\/><\/strong><em>Following the Leader<\/em><em><br\/><\/em><em>Never Smile at a Crocodile<\/em><em><br\/><\/em><em>The Second Star to the Right<\/em><em><br\/><\/em><em>You Can Fly! You Can Fly! You Can Fly!  <\/em><em><br\/><\/em><em>Your Mother and Mine<\/em><\/p>\n\n\n\n<p><strong>Phantom of the Opera<\/strong><strong><br\/><\/strong><em>All I Ask of You <\/em> <\/p>\n\n\n\n<p><strong>Pinocchio<\/strong><strong><br\/><\/strong><em>I\u2019ve Got No Strings<\/em><em><br\/><\/em><em>When You Wish Upon a Star<\/em><\/p>\n\n\n\n<p><strong>Robin Hood<\/strong><strong><br\/><\/strong><em>Love<\/em><\/p>\n\n\n\n<p><strong>Sailor Moon<\/strong><\/p>\n\n\n\n<p>Main Title<\/p>\n\n\n\n<p><strong>Spirited Away<\/strong><\/p>\n\n\n\n<p>Itsumo Nandodemo (always With Me)<\/p>\n\n\n\n<p><strong>Snow White and the Seven Dwarfs<\/strong><strong><br\/><\/strong><em>Heigh-Ho<\/em><em><br\/><\/em><em>I\u2019m Wishing<\/em><em><br\/><\/em><em>Some Day My Prince Will Come<\/em><em><br\/><\/em><em>Whistle While You Work<\/em><em><br\/><\/em><em>With a Smile and a Song<\/em><\/p>\n\n\n\n<p><strong>Tarzan<\/strong><strong><br\/><\/strong><em>You&#8217;ll Be in My Heart<\/em><\/p>\n\n\n\n<p><strong>Tangled<\/strong><strong><br\/><\/strong><em>I See the Light<\/em><em><br\/><\/em><em>Healing Incantation<\/em><\/p>\n\n\n\n<p><strong>Titanic<\/strong><strong><br\/><\/strong><em>My Heart Will Go On<\/em><\/p>\n\n\n\n<p><strong>The Aristocats<\/strong><strong><br\/><\/strong><em>Ev\u2019rybody Wants to Be a Cat<\/em><em><br\/><\/em><em>Scales and Arpeggios<\/em><\/p>\n\n\n\n<p><strong>The Jungle Book<\/strong><strong><br\/><\/strong><em>The Bare Necessities<\/em><\/p>\n\n\n\n<p><strong>The Little Mermaid<\/strong><strong><br\/><\/strong><em>Fathoms Below<\/em><em><br\/><\/em><em>Kiss the Girl<\/em><em><br\/><\/em><em>Part of Your World<\/em><em><br\/><\/em><em>Under the Sea<\/em><\/p>\n\n\n\n<p><strong>Up<\/strong><strong><br\/><\/strong><em>Theme from Up<\/em><em><br\/><\/em><em>Married Life<\/em> (from <em>Up<\/em>)<\/p>\n\n\n\n<p style=\"font-size:clamp(14px, 0.875rem + ((1vw - 3.2px) * 0.455), 18px);px\"><strong>Winnie the Pooh and the Honey Tree<br\/><\/strong><em>Little Black Rain Cloud<\/em><\/p>\n\n\n\n<p style=\"font-size:clamp(14px, 0.875rem + ((1vw - 3.2px) * 0.455), 18px);px\"><strong>Wizard of Oz<br\/><\/strong><em>Over the Rainbow<\/em><\/p>\n<\/div>\n<\/div>\n<\/div>\n\n<h2 class=\"wp-block-heading has-text-color has-link-color wp-elements-f1039484b3bf62169d187f29706cec87\" style=\"color:#10444c;font-size:clamp(23.043px, 1.44rem + ((1vw - 3.2px) * 1.7), 38px);px;line-height:1.4\">Detta \u00e4r en liten representation av min repertoar av keltisk och klassisk musik. Jag har en mycket st\u00f6rre samling tillg\u00e4nglig. <\/h2>\n\n<div class=\"wp-block-group alignfull has-global-padding is-layout-constrained wp-container-core-group-is-layout-28740690 wp-block-group-is-layout-constrained\" style=\"margin-top:0;margin-bottom:0;padding-top:100px;padding-bottom:100px\">\n<div class=\"wp-block-columns is-layout-flex wp-container-core-columns-is-layout-6c1444e2 wp-block-columns-is-layout-flex\">\n<div class=\"wp-block-column is-layout-flow wp-container-core-column-is-layout-3ca914a4 wp-block-column-is-layout-flow\">\n<h5 class=\"wp-block-heading has-text-align-left has-text-color\" style=\"color:#10444c;font-size:clamp(15.747px, 0.984rem + ((1vw - 3.2px) * 0.938), 24px);font-style:normal;font-weight:600;text-transform:capitalize\"><strong><strong>Keltisk repertoar<\/strong><\/strong><\/h5>\n\n\n\n<p id=\"yui_3_17_2_1_1725442135003_574\"><\/p>\n\n\n\n<p>Ae Fond Kiss<\/p>\n\n\n\n<p>A Mhairi Bhan Og<\/p>\n\n\n\n<p>The Aran Boat Song<\/p>\n\n\n\n<p>Braigh Loch Iall<\/p>\n\n\n\n<p>Chi mi na mor-bheanna<\/p>\n\n\n\n<p>The Cliffs of Doneen<\/p>\n\n\n\n<p>Crodh Chailein<\/p>\n\n\n\n<p>The Dark Island<\/p>\n\n\n\n<p>The Eriskay Love Lilt<\/p>\n\n\n\n<p>Fairy Lullaby<\/p>\n\n\n\n<p>Fear a Bhata<\/p>\n\n\n\n<p>Mo Ghille Mear<\/p>\n\n\n\n<p>My Love is Like a Red Red Rose<\/p>\n\n\n\n<p>Lochaber no More<\/p>\n\n\n\n<p>Loch Leven<\/p>\n\n\n\n<p>Loch Lomond<\/p>\n\n\n\n<p>Lovely Stornoway<\/p>\n\n\n\n<p>Sine Bhan<\/p>\n\n\n\n<p>The Sound of Mull<\/p>\n\n\n\n<p>Skye Boat Song<\/p>\n\n\n\n<p>Taladh Chriosta<\/p>\n\n\n\n<p>Westering Home<\/p>\n\n\n\n<p>Wild Mountain Thyme<\/p>\n\n\n\n<p>Ye Banks and Braes<\/p>\n<\/div>\n\n\n\n<div class=\"wp-block-column is-layout-flow wp-container-core-column-is-layout-3ca914a4 wp-block-column-is-layout-flow\">\n<h5 class=\"wp-block-heading has-text-align-left has-text-color\" style=\"color:#10444c;font-size:clamp(15.747px, 0.984rem + ((1vw - 3.2px) * 0.938), 24px);font-style:normal;font-weight:600;text-transform:capitalize\"><strong><strong><strong>Klassiskt<\/strong><\/strong><\/strong><\/h5>\n\n\n\n<p class=\"has-text-align-center has-text-color\" style=\"color:#28467f;font-size:14px\"><\/p>\n\n\n\n<p><strong>Bach<\/strong><br\/><em>Prelude in C<\/em><\/p>\n\n\n\n<p><strong>Beethoven<\/strong><br\/><em>Ode to Joy<\/em><\/p>\n\n\n\n<p><strong>Debussy<\/strong><br\/><em>Arabesque<\/em><\/p>\n\n\n\n<p><strong>Giacomo Puccini<\/strong><br\/><em>Nessun Dorma<\/em><\/p>\n\n\n\n<p><strong>Johann Strauss II<\/strong><br\/><em>The Blue Danube<\/em><\/p>\n\n\n\n<p><strong>Jeremiah Clarke<\/strong><br\/><em>Trumpet Voluntary<\/em><\/p>\n\n\n\n<p><strong>Leo Delibes<\/strong><br\/><em>The Flower Duet<\/em><\/p>\n\n\n\n<p><strong>Mendelssohn<\/strong><br\/><em>Wedding March<\/em><\/p>\n\n\n\n<p><strong>Pachelbel<\/strong><br\/><em>Canon in D<\/em><\/p>\n\n\n\n<p><strong>Schubert<\/strong><br\/><em>Ave Maria<\/em><\/p>\n\n\n\n<p><strong>Wagner<\/strong><br\/><em>Bridal Chorus<\/em><\/p>\n<\/div>\n<\/div>\n<\/div>\n\n<p><\/p>\n","protected":false},"excerpt":{"rendered":"<p>Ett urval av l\u00e5tar som jag kan spela p\u00e5 harpa. Jag arbetar f\u00f6r n\u00e4rvarande med att ut\u00f6ka min repertoar av popul\u00e4ra svenska l\u00e5tar. V\u00e4nligen meddela mig om du har n\u00e5gra speciella \u00f6nskem\u00e5l. Popul\u00e4r musik Andrea BocelliTime To Say Goodbye Barbara StreisandEvergreen Bee GeesHow Deep Is Your Love Bette MidlerThe RoseThe Wind Beneath My Wings Beyonc\u00e9Halo [&hellip;]<\/p>\n","protected":false},"author":1,"featured_media":0,"parent":0,"menu_order":0,"comment_status":"closed","ping_status":"closed","template":"","meta":{"_monsterinsights_skip_tracking":false,"_monsterinsights_sitenote_active":false,"_monsterinsights_sitenote_note":"","_monsterinsights_sitenote_category":0,"footnotes":""},"class_list":["post-874","page","type-page","status-publish","hentry"],"yoast_head":"<!-- This site is optimized with the Yoast SEO plugin v24.6 - https:\/\/yoast.com\/wordpress\/plugins\/seo\/ -->\n<title>Musik - Steaph Chaimbeul<\/title>\n<meta name=\"robots\" content=\"index, follow, max-snippet:-1, max-image-preview:large, max-video-preview:-1\" \/>\n<link rel=\"canonical\" href=\"https:\/\/harpist.dk\/sv\/musik\/\" \/>\n<meta property=\"og:locale\" content=\"sv_SE\" \/>\n<meta property=\"og:type\" content=\"article\" \/>\n<meta property=\"og:title\" content=\"Musik - Steaph Chaimbeul\" \/>\n<meta property=\"og:description\" content=\"Ett urval av l\u00e5tar som jag kan spela p\u00e5 harpa. Jag arbetar f\u00f6r n\u00e4rvarande med att ut\u00f6ka min repertoar av popul\u00e4ra svenska l\u00e5tar. V\u00e4nligen meddela mig om du har n\u00e5gra speciella \u00f6nskem\u00e5l. Popul\u00e4r musik Andrea BocelliTime To Say Goodbye Barbara StreisandEvergreen Bee GeesHow Deep Is Your Love Bette MidlerThe RoseThe Wind Beneath My Wings Beyonc\u00e9Halo [&hellip;]\" \/>\n<meta property=\"og:url\" content=\"https:\/\/harpist.dk\/sv\/musik\/\" \/>\n<meta property=\"og:site_name\" content=\"Steaph Chaimbeul\" \/>\n<meta property=\"article:publisher\" content=\"www.facebook.com\/harpistdk\" \/>\n<meta property=\"article:modified_time\" content=\"2024-09-11T18:14:33+00:00\" \/>\n<meta name=\"twitter:card\" content=\"summary_large_image\" \/>\n<meta name=\"twitter:label1\" content=\"Ber\u00e4knad l\u00e4stid\" \/>\n\t<meta name=\"twitter:data1\" content=\"4 minuter\" \/>\n<script type=\"application\/ld+json\" class=\"yoast-schema-graph\">{\"@context\":\"https:\/\/schema.org\",\"@graph\":[{\"@type\":\"WebPage\",\"@id\":\"https:\/\/harpist.dk\/sv\/musik\/\",\"url\":\"https:\/\/harpist.dk\/sv\/musik\/\",\"name\":\"Musik - Steaph Chaimbeul\",\"isPartOf\":{\"@id\":\"https:\/\/harpist.dk\/sv\/#website\"},\"datePublished\":\"2024-09-03T22:44:12+00:00\",\"dateModified\":\"2024-09-11T18:14:33+00:00\",\"breadcrumb\":{\"@id\":\"https:\/\/harpist.dk\/sv\/musik\/#breadcrumb\"},\"inLanguage\":\"sv-SE\",\"potentialAction\":[{\"@type\":\"ReadAction\",\"target\":[\"https:\/\/harpist.dk\/sv\/musik\/\"]}]},{\"@type\":\"BreadcrumbList\",\"@id\":\"https:\/\/harpist.dk\/sv\/musik\/#breadcrumb\",\"itemListElement\":[{\"@type\":\"ListItem\",\"position\":1,\"name\":\"Home\",\"item\":\"https:\/\/harpist.dk\/sv\/\"},{\"@type\":\"ListItem\",\"position\":2,\"name\":\"Musik\"}]},{\"@type\":\"WebSite\",\"@id\":\"https:\/\/harpist.dk\/sv\/#website\",\"url\":\"https:\/\/harpist.dk\/sv\/\",\"name\":\"Steaph Chaimbeul - harpist\",\"description\":\"Elevate your event with live harp music\",\"publisher\":{\"@id\":\"https:\/\/harpist.dk\/sv\/#\/schema\/person\/bc90376cc07517b3f9e25f7de1102409\"},\"potentialAction\":[{\"@type\":\"SearchAction\",\"target\":{\"@type\":\"EntryPoint\",\"urlTemplate\":\"https:\/\/harpist.dk\/sv\/?s={search_term_string}\"},\"query-input\":{\"@type\":\"PropertyValueSpecification\",\"valueRequired\":true,\"valueName\":\"search_term_string\"}}],\"inLanguage\":\"sv-SE\"},{\"@type\":[\"Person\",\"Organization\"],\"@id\":\"https:\/\/harpist.dk\/sv\/#\/schema\/person\/bc90376cc07517b3f9e25f7de1102409\",\"name\":\"Steaph\",\"image\":{\"@type\":\"ImageObject\",\"inLanguage\":\"sv-SE\",\"@id\":\"https:\/\/harpist.dk\/sv\/#\/schema\/person\/image\/\",\"url\":\"https:\/\/harpist.dk\/wp-content\/uploads\/2024\/09\/LogoMakr-733BO8-300dpi.png\",\"contentUrl\":\"https:\/\/harpist.dk\/wp-content\/uploads\/2024\/09\/LogoMakr-733BO8-300dpi.png\",\"width\":1187,\"height\":1440,\"caption\":\"Steaph\"},\"logo\":{\"@id\":\"https:\/\/harpist.dk\/sv\/#\/schema\/person\/image\/\"},\"sameAs\":[\"http:\/\/harpist.dk\",\"www.facebook.com\/harpistdk\",\"www.instagram.com\/harpistdk\"]}]}<\/script>\n<!-- \/ Yoast SEO plugin. -->","yoast_head_json":{"title":"Musik - Steaph Chaimbeul","robots":{"index":"index","follow":"follow","max-snippet":"max-snippet:-1","max-image-preview":"max-image-preview:large","max-video-preview":"max-video-preview:-1"},"canonical":"https:\/\/harpist.dk\/sv\/musik\/","og_locale":"sv_SE","og_type":"article","og_title":"Musik - Steaph Chaimbeul","og_description":"Ett urval av l\u00e5tar som jag kan spela p\u00e5 harpa. Jag arbetar f\u00f6r n\u00e4rvarande med att ut\u00f6ka min repertoar av popul\u00e4ra svenska l\u00e5tar. V\u00e4nligen meddela mig om du har n\u00e5gra speciella \u00f6nskem\u00e5l. Popul\u00e4r musik Andrea BocelliTime To Say Goodbye Barbara StreisandEvergreen Bee GeesHow Deep Is Your Love Bette MidlerThe RoseThe Wind Beneath My Wings Beyonc\u00e9Halo [&hellip;]","og_url":"https:\/\/harpist.dk\/sv\/musik\/","og_site_name":"Steaph Chaimbeul","article_publisher":"www.facebook.com\/harpistdk","article_modified_time":"2024-09-11T18:14:33+00:00","twitter_card":"summary_large_image","twitter_misc":{"Ber\u00e4knad l\u00e4stid":"4 minuter"},"schema":{"@context":"https:\/\/schema.org","@graph":[{"@type":"WebPage","@id":"https:\/\/harpist.dk\/sv\/musik\/","url":"https:\/\/harpist.dk\/sv\/musik\/","name":"Musik - Steaph Chaimbeul","isPartOf":{"@id":"https:\/\/harpist.dk\/sv\/#website"},"datePublished":"2024-09-03T22:44:12+00:00","dateModified":"2024-09-11T18:14:33+00:00","breadcrumb":{"@id":"https:\/\/harpist.dk\/sv\/musik\/#breadcrumb"},"inLanguage":"sv-SE","potentialAction":[{"@type":"ReadAction","target":["https:\/\/harpist.dk\/sv\/musik\/"]}]},{"@type":"BreadcrumbList","@id":"https:\/\/harpist.dk\/sv\/musik\/#breadcrumb","itemListElement":[{"@type":"ListItem","position":1,"name":"Home","item":"https:\/\/harpist.dk\/sv\/"},{"@type":"ListItem","position":2,"name":"Musik"}]},{"@type":"WebSite","@id":"https:\/\/harpist.dk\/sv\/#website","url":"https:\/\/harpist.dk\/sv\/","name":"Steaph Chaimbeul - harpist","description":"Elevate your event with live harp music","publisher":{"@id":"https:\/\/harpist.dk\/sv\/#\/schema\/person\/bc90376cc07517b3f9e25f7de1102409"},"potentialAction":[{"@type":"SearchAction","target":{"@type":"EntryPoint","urlTemplate":"https:\/\/harpist.dk\/sv\/?s={search_term_string}"},"query-input":{"@type":"PropertyValueSpecification","valueRequired":true,"valueName":"search_term_string"}}],"inLanguage":"sv-SE"},{"@type":["Person","Organization"],"@id":"https:\/\/harpist.dk\/sv\/#\/schema\/person\/bc90376cc07517b3f9e25f7de1102409","name":"Steaph","image":{"@type":"ImageObject","inLanguage":"sv-SE","@id":"https:\/\/harpist.dk\/sv\/#\/schema\/person\/image\/","url":"https:\/\/harpist.dk\/wp-content\/uploads\/2024\/09\/LogoMakr-733BO8-300dpi.png","contentUrl":"https:\/\/harpist.dk\/wp-content\/uploads\/2024\/09\/LogoMakr-733BO8-300dpi.png","width":1187,"height":1440,"caption":"Steaph"},"logo":{"@id":"https:\/\/harpist.dk\/sv\/#\/schema\/person\/image\/"},"sameAs":["http:\/\/harpist.dk","www.facebook.com\/harpistdk","www.instagram.com\/harpistdk"]}]}},"_links":{"self":[{"href":"https:\/\/harpist.dk\/sv\/wp-json\/wp\/v2\/pages\/874","targetHints":{"allow":["GET"]}}],"collection":[{"href":"https:\/\/harpist.dk\/sv\/wp-json\/wp\/v2\/pages"}],"about":[{"href":"https:\/\/harpist.dk\/sv\/wp-json\/wp\/v2\/types\/page"}],"author":[{"embeddable":true,"href":"https:\/\/harpist.dk\/sv\/wp-json\/wp\/v2\/users\/1"}],"replies":[{"embeddable":true,"href":"https:\/\/harpist.dk\/sv\/wp-json\/wp\/v2\/comments?post=874"}],"version-history":[{"count":3,"href":"https:\/\/harpist.dk\/sv\/wp-json\/wp\/v2\/pages\/874\/revisions"}],"predecessor-version":[{"id":903,"href":"https:\/\/harpist.dk\/sv\/wp-json\/wp\/v2\/pages\/874\/revisions\/903"}],"wp:attachment":[{"href":"https:\/\/harpist.dk\/sv\/wp-json\/wp\/v2\/media?parent=874"}],"curies":[{"name":"wp","href":"https:\/\/api.w.org\/{rel}","templated":true}]}}