{"id":866,"date":"2024-09-03T14:03:37","date_gmt":"2024-09-03T12:03:37","guid":{"rendered":"https:\/\/harpi.st\/hem\/"},"modified":"2026-05-12T07:07:15","modified_gmt":"2026-05-12T05:07:15","slug":"hem","status":"publish","type":"page","link":"https:\/\/harpist.dk\/sv\/","title":{"rendered":"Hem"},"content":{"rendered":"\n<div class=\"wp-block-cover alignfull is-light\" style=\"padding-top:3rem;padding-bottom:3rem;min-height:696px;aspect-ratio:unset;\"><span aria-hidden=\"true\" class=\"wp-block-cover__background has-white-background-color has-background-dim-40 has-background-dim\"><\/span><img loading=\"lazy\" decoding=\"async\" width=\"2160\" height=\"1440\" sizes=\"auto, 100vw\" class=\"wp-block-cover__image-background wp-image-673\" alt=\"\" src=\"https:\/\/harpist.dk\/wp-content\/uploads\/2024\/09\/Steaph-Chaimbeul-23-4.jpg\" data-object-fit=\"cover\" \/><div class=\"wp-block-cover__inner-container has-global-padding is-layout-constrained wp-container-core-cover-is-layout-38eb73b2 wp-block-cover-is-layout-constrained\">\n<div class=\"wp-block-group alignwide is-vertical is-content-justification-stretch is-layout-flex wp-container-core-group-is-layout-401b7a8a wp-block-group-is-layout-flex\" style=\"min-height:600px\">\n<div class=\"wp-block-group has-global-padding is-layout-constrained wp-container-core-group-is-layout-4383d167 wp-block-group-is-layout-constrained\">\n<h2 class=\"wp-block-heading has-text-align-left has-text-color\" style=\"color:#10444c;margin-bottom:1.1rem;font-size:clamp(1.976rem, 1.976rem + ((1vw - 0.2rem) * 2.771), 3.5rem);font-style:normal;font-weight:400;line-height:1.1\">F\u00f6rtrollande harpmusik <\/h2>\n\n\n\n<h2 class=\"wp-block-heading has-text-align-left has-text-color\" style=\"color:#10444c;margin-bottom:1.1rem;font-size:clamp(1.976rem, 1.976rem + ((1vw - 0.2rem) * 2.771), 3.5rem);font-style:normal;font-weight:400;line-height:1.1\">f\u00f6r alla tillf\u00e4llen<\/h2>\n\n\n\n<p class=\"has-text-align-left has-text-color\" style=\"color:#10444c;margin-top:0;margin-bottom:0;padding-top:0;padding-right:0;padding-bottom:0;padding-left:0;font-size:clamp(0.875rem, 0.875rem + ((1vw - 0.2rem) * 0.464), 1.13rem);font-style:normal;font-weight:400\">Hire a professional harp player based in Copenhagen<\/p>\n\n\n\n<div class=\"wp-block-buttons is-content-justification-left is-layout-flex wp-container-core-buttons-is-layout-8f44bb2e wp-block-buttons-is-layout-flex\" style=\"margin-top:2.2rem;margin-bottom:0rem\">\n<div class=\"wp-block-button has-custom-font-size is-style-fill\" style=\"font-size:clamp(0.875rem, 0.875rem + ((1vw - 0.2rem) * 0.409), 1.1rem);font-style:normal;font-weight:500;text-transform:uppercase\"><a class=\"wp-block-button__link has-text-color has-background wp-element-button\" href=\"https:\/\/harpist.dk\/sv\/kontakt\/\" style=\"border-style:none;border-width:0px;border-radius:1px;color:#ffffff;background-color:#10434dbf;padding-top:0.8rem;padding-right:3.3rem;padding-bottom:0.8rem;padding-left:3.3rem\">Boka Nu!<\/a><\/div>\n<\/div>\n<\/div>\n<\/div>\n<\/div><\/div>\n\n<section class=\"wp-block-group alignfull has-global-padding is-layout-constrained wp-container-core-group-is-layout-08f7d76b wp-block-group-is-layout-constrained\" style=\"margin-top:0px;margin-bottom:0px;padding-top:7.5%;padding-right:0rem;padding-bottom:7.5%;padding-left:0rem\">\n<section class=\"wp-block-group alignfull has-global-padding is-layout-constrained wp-container-core-group-is-layout-08f7d76b wp-block-group-is-layout-constrained\" style=\"margin-top:0px;margin-bottom:0px;padding-top:7.5%;padding-right:0rem;padding-bottom:7.5%;padding-left:0rem\">\n<div class=\"wp-block-columns alignwide is-layout-flex wp-container-core-columns-is-layout-b787fa0f wp-block-columns-is-layout-flex\" style=\"padding-right:0px;padding-left:0px\">\n<div class=\"wp-block-column is-vertically-aligned-center is-layout-flow wp-block-column-is-layout-flow\" style=\"flex-basis:20.5%\">\n<figure class=\"wp-block-image aligncenter size-full is-resized\"><img loading=\"lazy\" decoding=\"async\" width=\"960\" height=\"1440\" sizes=\"auto, (max-width: 133px) 100vw, 133px\" src=\"https:\/\/harpist.dk\/wp-content\/uploads\/2024\/09\/Steaph-Chaimbeul-12-7.jpg\" alt=\"\" class=\"wp-image-751\" style=\"aspect-ratio:2\/3;object-fit:cover;width:256px;height:auto\" \/><\/figure>\n<\/div>\n\n\n\n<div class=\"wp-block-column is-layout-flow wp-block-column-is-layout-flow\" style=\"flex-basis:61%\">\n<div class=\"wp-block-group is-vertical is-content-justification-center is-layout-flex wp-container-core-group-is-layout-81423f52 wp-block-group-is-layout-flex\">\n<h5 class=\"wp-block-heading has-text-align-center has-text-color has-link-color wp-elements-353a262dded03c8e3da63c0820f3888e\" style=\"color:#000000;margin-top:2rem;font-size:clamp(1.79rem, 1.79rem + ((1vw - 0.2rem) * 2.382), 3.1rem);font-style:normal;font-weight:300;line-height:1.0;text-transform:capitalize\">An Elegant harpist for your Ceremony or Reception<\/h5>\n\n\n\n<h3 class=\"wp-block-heading has-text-align-center has-text-color has-link-color wp-elements-41c44bb9203a07aab94151331fd1f4eb\" style=\"color:#000000;margin-bottom:15px;font-size:clamp(2.2rem, 2.2rem + ((1vw - 0.2rem) * 3.273), 4rem);font-style:normal;font-weight:500;line-height:1.0\"><\/h3>\n\n\n\n<div class=\"wp-block-group has-global-padding is-layout-constrained wp-container-core-group-is-layout-51cdf983 wp-block-group-is-layout-constrained\" style=\"padding-right:1rem;padding-left:1rem\">\n<p class=\"has-text-align-center has-text-color has-link-color wp-elements-6ac77f373936402475cf5220cc16fd0e\" style=\"color:#000000;font-size:clamp(0.875rem, 0.875rem + ((1vw - 0.2rem) * 0.464), 1.13rem);\">Are you looking for an elegant and beautiful addition to your wedding? Based in Copenhagen and available to travel around Sj\u00e6lland, I am a professional wedding musician, offering a wide range of harp music. My repertoire includes  your favorite pop songs, classical music, folk tunes, and film scores.<\/p>\n\n\n\n<p class=\"has-text-align-center\">Du kan beg\u00e4ra specialarrangemang av dina favoritl\u00e5tar f\u00f6r att g\u00f6ra din upplevelse personlig!<\/p>\n\n\n\n<p class=\"has-text-align-center\">Jag erbjuder flexibla priser baserade p\u00e5 f\u00f6rest\u00e4llningens varaktighet, evenemangets plats och eventuella specifika \u00f6nskem\u00e5l om l\u00e5tar du kan ha.<\/p>\n\n\n\n<p class=\"has-text-align-center has-text-color has-link-color wp-elements-a6047deccd17b22dc2d3a7bc1fc71b1e\" style=\"color:#000000;font-size:clamp(0.875rem, 0.875rem + ((1vw - 0.2rem) * 0.464), 1.13rem);\">Jag anpassar varje framtr\u00e4dande f\u00f6r att passa din unika vision. L\u00e5t oss g\u00f6ra ditt br\u00f6llop eller evenemang verkligen f\u00f6rtrollande tillsammans! <\/p>\n<\/div>\n\n\n\n<div class=\"wp-block-buttons is-layout-flex wp-block-buttons-is-layout-flex\" style=\"margin-top:2rem;margin-bottom:2rem\">\n<div class=\"wp-block-button has-custom-font-size is-style-outline is-style-outline--1\" style=\"font-size:clamp(0.875rem, 0.875rem + ((1vw - 0.2rem) * 0.427), 1.11rem);text-transform:uppercase\"><a class=\"wp-block-button__link has-text-color has-link-color has-border-color wp-element-button\" href=\"https:\/\/harpist.dk\/sv\/brollopspaket\/\" style=\"border-color:#504f43;border-width:1px;border-radius:0px;color:#000000;padding-top:0.8rem;padding-right:2.2rem;padding-bottom:0.8rem;padding-left:2.2rem\">paket<\/a><\/div>\n<\/div>\n<\/div>\n<\/div>\n\n\n\n<div class=\"wp-block-column is-vertically-aligned-center is-layout-flow wp-block-column-is-layout-flow\" style=\"flex-basis:20.5%\">\n<figure class=\"wp-block-image aligncenter size-full is-resized\"><img loading=\"lazy\" decoding=\"async\" width=\"960\" height=\"1440\" sizes=\"auto, (max-width: 133px) 100vw, 133px\" src=\"https:\/\/harpist.dk\/wp-content\/uploads\/2024\/09\/Steaph-Chaimbeul-3-11-scaled.jpg\" alt=\"\" class=\"wp-image-780\" style=\"aspect-ratio:2\/3;object-fit:cover;width:254px;height:auto\" srcset=\"https:\/\/harpist.dk\/wp-content\/uploads\/2024\/09\/Steaph-Chaimbeul-3-11-scaled.jpg 960w, https:\/\/harpist.dk\/wp-content\/uploads\/2024\/09\/Steaph-Chaimbeul-3-11-200x300.jpg 200w, https:\/\/harpist.dk\/wp-content\/uploads\/2024\/09\/Steaph-Chaimbeul-3-11-683x1024.jpg 683w, https:\/\/harpist.dk\/wp-content\/uploads\/2024\/09\/Steaph-Chaimbeul-3-11-768x1152.jpg 768w\" \/><\/figure>\n<\/div>\n<\/div>\n<\/section>\n<\/section>\n\n<div class=\"wp-block-cover alignfull is-light has-parallax\" style=\"border-radius:0px;margin-top:0px;margin-bottom:0px;min-height:450px;aspect-ratio:unset;\"><span aria-hidden=\"true\" class=\"wp-block-cover__background has-white-background-color has-background-dim-20 has-background-dim\"><\/span><div class=\"wp-block-cover__image-background wp-image-539 has-parallax\" style=\"background-position:50% 50%;background-image:url(https:\/\/harpist.dk\/wp-content\/uploads\/2024\/09\/Steaph-Chaimbeul-15-1-2.jpg)\"><\/div><div class=\"wp-block-cover__inner-container has-global-padding is-layout-constrained wp-container-core-cover-is-layout-162f2a30 wp-block-cover-is-layout-constrained\">\n<p class=\"has-text-align-center has-large-font-size\"><\/p>\n<\/div><\/div>\n\n<section class=\"wp-block-group alignfull has-global-padding is-layout-constrained wp-container-core-group-is-layout-86391ca3 wp-block-group-is-layout-constrained\" style=\"padding-top:6.5%;padding-right:1rem;padding-bottom:6.5%;padding-left:1rem\">\n<div class=\"wp-block-columns is-layout-flex wp-container-core-columns-is-layout-174574fb wp-block-columns-is-layout-flex\">\n<div class=\"wp-block-column is-layout-flow wp-block-column-is-layout-flow\" style=\"flex-basis:32%\">\n<div class=\"wp-block-group alignwide has-global-padding is-layout-constrained wp-block-group-is-layout-constrained\" style=\"padding-bottom:3%\">\n<figure class=\"wp-block-image size-full wp-duotone-000000-10444c-2\"><img decoding=\"async\" src=\"https:\/\/gb1.gowebexperts.com\/wp-content\/uploads\/2023\/11\/stars1.png\" alt=\"\" class=\"wp-image-61\" \/><\/figure>\n\n\n\n<div class=\"wp-block-group alignwide has-global-padding is-layout-constrained wp-block-group-is-layout-constrained\" style=\"padding-bottom:3%\">\n<h3 class=\"wp-block-heading has-text-align-left has-text-color has-link-color has-cormorant-font-family wp-elements-2279abb6095aea43a4fca47f7374563c\" style=\"color:#000000;font-size:clamp(1.653rem, 1.653rem + ((1vw - 0.2rem) * 2.104), 2.81rem);font-style:normal;font-weight:400;line-height:1.0\">Vad s\u00e4ger mina kunder<\/h3>\n<\/div>\n\n\n\n<p class=\"has-text-align-center\"><\/p>\n<\/div>\n<\/div>\n\n\n\n<div class=\"wp-block-column is-layout-flow wp-block-column-is-layout-flow\" style=\"flex-basis:60%\">\n<div class=\"wp-block-group has-global-padding is-layout-constrained wp-container-core-group-is-layout-1759c160 wp-block-group-is-layout-constrained\" style=\"border-bottom-color:#8d8d8d;border-bottom-width:1px;padding-bottom:2rem\">\n<p class=\"has-text-color has-link-color wp-elements-502236adcba0319635de736316006a94\" style=\"color:#000000;font-size:clamp(0.875rem, 0.875rem + ((1vw - 0.2rem) * 0.682), 1.25rem);\">Tack f\u00f6r att du spelade s\u00e5 vackert p\u00e5 v\u00e5rt br\u00f6llop. Du gjorde verkligen v\u00e5r dag extra speciell f\u00f6r oss. V\u00e5ra g\u00e4ster kommenterade ocks\u00e5 hur fantastisk harpisten var!  <\/p>\n\n\n\n<h6 class=\"wp-block-heading has-text-color has-link-color wp-elements-7b33a05140fdb50454926e1220d9d3d0\" style=\"color:#000000;font-size:clamp(1.044rem, 1.044rem + ((1vw - 0.2rem) * 1.029), 1.61rem);font-style:normal;font-weight:500;text-transform:capitalize\">Tracy  Rich<\/h6>\n<\/div>\n\n\n\n<div class=\"wp-block-group has-global-padding is-layout-constrained wp-container-core-group-is-layout-1759c160 wp-block-group-is-layout-constrained\" style=\"border-bottom-color:#8d8d8d;border-bottom-width:1px;padding-bottom:2rem\">\n<p class=\"has-text-color has-link-color wp-elements-d883ea68d830f2483f2b071cb6e02b57\" style=\"color:#000000;font-size:clamp(0.875rem, 0.875rem + ((1vw - 0.2rem) * 0.682), 1.25rem);\">Jag rekommenderar starkt Steaph, hon \u00e4r en utm\u00e4rkt harpist. Hon var s\u00e5 professionell i alla avseenden och var till och med glad att ta emot v\u00e5ra personliga \u00f6nskem\u00e5l om &#8221;Wonderwall&#8221; och &#8221;Songbird&#8221;, som hon spelade helt fantastiskt! Tack s\u00e5 mycket.  <\/p>\n\n\n\n<h6 class=\"wp-block-heading has-text-color has-link-color wp-elements-753e2de07e6b40f464be13cb220d01be\" style=\"color:#000000;font-size:clamp(1.044rem, 1.044rem + ((1vw - 0.2rem) * 1.029), 1.61rem);font-style:normal;font-weight:500;text-transform:capitalize\">Lily  Tom<\/h6>\n<\/div>\n\n\n\n<div class=\"wp-block-group has-global-padding is-layout-constrained wp-container-core-group-is-layout-1759c160 wp-block-group-is-layout-constrained\" style=\"padding-bottom:2rem\">\n<p class=\"has-text-color has-link-color wp-elements-05896b3f181151de98ed4f5ebbee0862\" style=\"color:#000000;font-size:clamp(0.875rem, 0.875rem + ((1vw - 0.2rem) * 0.682), 1.25rem);\">Steaph \u00e4r en exceptionell musiker. Du var s\u00e5 fantastisk inf\u00f6r v\u00e5rt br\u00f6llop och hj\u00e4lpte oss att v\u00e4lja l\u00e5tar, stort tack f\u00f6r det. Verkligen talangfull och professionell, jag rekommenderar henne till 100%.  <\/p>\n\n\n\n<h6 class=\"wp-block-heading has-text-color has-link-color wp-elements-6854efb8003923a22efa934b1a560c57\" style=\"color:#000000;font-size:clamp(1.044rem, 1.044rem + ((1vw - 0.2rem) * 1.029), 1.61rem);font-style:normal;font-weight:500;text-transform:capitalize\">Jessica MacKenzie<\/h6>\n<\/div>\n<\/div>\n<\/div>\n<\/section>\n\n<section class=\"wp-block-group alignfull is-style-default has-text-color has-background has-link-color wp-elements-4d43ce571c5e70435e1ed35c2e58b100 has-global-padding is-layout-constrained wp-container-core-group-is-layout-453d578e wp-block-group-is-layout-constrained\" style=\"color:#000000;background-color:#f5e9e170;padding-top:5%;padding-right:var(--wp--preset--spacing--40);padding-bottom:5%;padding-left:var(--wp--preset--spacing--40)\">\n<div class=\"wp-block-group alignwide has-global-padding is-layout-constrained wp-block-group-is-layout-constrained\" style=\"padding-bottom:3%\">\n<h3 class=\"wp-block-heading has-text-align-center has-text-color\" style=\"color:#10444c;font-size:clamp(2.248rem, 2.248rem + ((1vw - 0.2rem) * 3.385), 4.11rem);font-style:normal;font-weight:400;line-height:1.0\">Kontakta mig idag!<\/h3>\n\n\n\n<p class=\"has-text-align-center has-text-color has-link-color wp-elements-b497a50ab4d78e38e1e1f48f0f30eaa3\" style=\"color:#10444c\">H\u00f6r av dig med tid och plats f\u00f6r ditt evenemang. <\/p>\n\n\n\n<p class=\"has-text-align-center has-text-color has-link-color wp-elements-757133b23ab8b541c5d8334f295609fd\" style=\"color:#10444c\">Jag kommer att kontakta dig f\u00f6r att bekr\u00e4fta min tillg\u00e4nglighet och ge dig en offert. Vi kan diskutera dina \u00f6nskem\u00e5l f\u00f6r dagen. <\/p>\n\n\n\n<div class=\"wp-block-buttons is-content-justification-center is-layout-flex wp-container-core-buttons-is-layout-249eb6da wp-block-buttons-is-layout-flex\" style=\"margin-top:3rem;margin-bottom:2rem\">\n<div class=\"wp-block-button has-custom-font-size is-style-outline has-jost-font-family is-style-outline--3\" style=\"font-size:clamp(14px, 0.875rem + ((1vw - 3.2px) * 0.455), 18px);letter-spacing:1px;text-transform:uppercase\"><a class=\"wp-block-button__link has-text-color has-link-color has-border-color has-base-border-color wp-element-button\" href=\"https:\/\/harpist.dk\/sv\/kontakt\/\" style=\"border-width:1px;border-radius:0px;color:#10444c;padding-top:0.8rem;padding-right:2.2rem;padding-bottom:0.8rem;padding-left:2.2rem\">Kontakt!<\/a><\/div>\n<\/div>\n<\/div>\n<\/section>\n\n<p><\/p>\n","protected":false},"excerpt":{"rendered":"<p>An Elegant harpist for your Ceremony or Reception Are you looking for an elegant and beautiful addition to your wedding? Based in Copenhagen and available to travel around Sj\u00e6lland, I am a professional wedding musician, offering a wide range of harp music. My repertoire includes your favorite pop songs, classical music, folk tunes, and film [&hellip;]<\/p>\n","protected":false},"author":1,"featured_media":0,"parent":0,"menu_order":0,"comment_status":"closed","ping_status":"closed","template":"","meta":{"_monsterinsights_skip_tracking":false,"_monsterinsights_sitenote_active":false,"_monsterinsights_sitenote_note":"","_monsterinsights_sitenote_category":0,"footnotes":""},"class_list":["post-866","page","type-page","status-publish","hentry"],"yoast_head":"<!-- This site is optimized with the Yoast SEO plugin v24.6 - https:\/\/yoast.com\/wordpress\/plugins\/seo\/ -->\n<title>Hem - Steaph Chaimbeul<\/title>\n<meta name=\"robots\" content=\"index, follow, max-snippet:-1, max-image-preview:large, max-video-preview:-1\" \/>\n<link rel=\"canonical\" href=\"https:\/\/harpist.dk\/sv\/\" \/>\n<meta property=\"og:locale\" content=\"sv_SE\" \/>\n<meta property=\"og:type\" content=\"article\" \/>\n<meta property=\"og:title\" content=\"Hem - Steaph Chaimbeul\" \/>\n<meta property=\"og:description\" content=\"An Elegant harpist for your Ceremony or Reception Are you looking for an elegant and beautiful addition to your wedding? Based in Copenhagen and available to travel around Sj\u00e6lland, I am a professional wedding musician, offering a wide range of harp music. My repertoire includes your favorite pop songs, classical music, folk tunes, and film [&hellip;]\" \/>\n<meta property=\"og:url\" content=\"https:\/\/harpist.dk\/sv\/\" \/>\n<meta property=\"og:site_name\" content=\"Steaph Chaimbeul\" \/>\n<meta property=\"article:publisher\" content=\"www.facebook.com\/harpistdk\" \/>\n<meta property=\"article:modified_time\" content=\"2026-05-12T05:07:15+00:00\" \/>\n<meta property=\"og:image\" content=\"https:\/\/harpist.dk\/wp-content\/uploads\/2024\/09\/Steaph-Chaimbeul-23-4.jpg\" \/>\n\t<meta property=\"og:image:width\" content=\"2160\" \/>\n\t<meta property=\"og:image:height\" content=\"1440\" \/>\n\t<meta property=\"og:image:type\" content=\"image\/jpeg\" \/>\n<meta name=\"twitter:card\" content=\"summary_large_image\" \/>\n<meta name=\"twitter:label1\" content=\"Ber\u00e4knad l\u00e4stid\" \/>\n\t<meta name=\"twitter:data1\" content=\"2 minuter\" \/>\n<script type=\"application\/ld+json\" class=\"yoast-schema-graph\">{\"@context\":\"https:\/\/schema.org\",\"@graph\":[{\"@type\":\"WebPage\",\"@id\":\"https:\/\/harpist.dk\/sv\/\",\"url\":\"https:\/\/harpist.dk\/sv\/\",\"name\":\"Hem - Steaph Chaimbeul\",\"isPartOf\":{\"@id\":\"https:\/\/harpist.dk\/sv\/#website\"},\"primaryImageOfPage\":{\"@id\":\"https:\/\/harpist.dk\/sv\/#primaryimage\"},\"image\":{\"@id\":\"https:\/\/harpist.dk\/sv\/#primaryimage\"},\"thumbnailUrl\":\"https:\/\/harpist.dk\/wp-content\/uploads\/2024\/09\/Steaph-Chaimbeul-23-4.jpg\",\"datePublished\":\"2024-09-03T12:03:37+00:00\",\"dateModified\":\"2026-05-12T05:07:15+00:00\",\"breadcrumb\":{\"@id\":\"https:\/\/harpist.dk\/sv\/#breadcrumb\"},\"inLanguage\":\"sv-SE\",\"potentialAction\":[{\"@type\":\"ReadAction\",\"target\":[\"https:\/\/harpist.dk\/sv\/\"]}]},{\"@type\":\"ImageObject\",\"inLanguage\":\"sv-SE\",\"@id\":\"https:\/\/harpist.dk\/sv\/#primaryimage\",\"url\":\"https:\/\/harpist.dk\/wp-content\/uploads\/2024\/09\/Steaph-Chaimbeul-23-4.jpg\",\"contentUrl\":\"https:\/\/harpist.dk\/wp-content\/uploads\/2024\/09\/Steaph-Chaimbeul-23-4.jpg\"},{\"@type\":\"BreadcrumbList\",\"@id\":\"https:\/\/harpist.dk\/sv\/#breadcrumb\",\"itemListElement\":[{\"@type\":\"ListItem\",\"position\":1,\"name\":\"Home\",\"item\":\"https:\/\/harpist.dk\/sv\/\"},{\"@type\":\"ListItem\",\"position\":2,\"name\":\"Hem\"}]},{\"@type\":\"WebSite\",\"@id\":\"https:\/\/harpist.dk\/sv\/#website\",\"url\":\"https:\/\/harpist.dk\/sv\/\",\"name\":\"Steaph Chaimbeul - harpist\",\"description\":\"Elevate your event with live harp music\",\"publisher\":{\"@id\":\"https:\/\/harpist.dk\/sv\/#\/schema\/person\/bc90376cc07517b3f9e25f7de1102409\"},\"potentialAction\":[{\"@type\":\"SearchAction\",\"target\":{\"@type\":\"EntryPoint\",\"urlTemplate\":\"https:\/\/harpist.dk\/sv\/?s={search_term_string}\"},\"query-input\":{\"@type\":\"PropertyValueSpecification\",\"valueRequired\":true,\"valueName\":\"search_term_string\"}}],\"inLanguage\":\"sv-SE\"},{\"@type\":[\"Person\",\"Organization\"],\"@id\":\"https:\/\/harpist.dk\/sv\/#\/schema\/person\/bc90376cc07517b3f9e25f7de1102409\",\"name\":\"Steaph\",\"image\":{\"@type\":\"ImageObject\",\"inLanguage\":\"sv-SE\",\"@id\":\"https:\/\/harpist.dk\/sv\/#\/schema\/person\/image\/\",\"url\":\"https:\/\/harpist.dk\/wp-content\/uploads\/2024\/09\/LogoMakr-733BO8-300dpi.png\",\"contentUrl\":\"https:\/\/harpist.dk\/wp-content\/uploads\/2024\/09\/LogoMakr-733BO8-300dpi.png\",\"width\":1187,\"height\":1440,\"caption\":\"Steaph\"},\"logo\":{\"@id\":\"https:\/\/harpist.dk\/sv\/#\/schema\/person\/image\/\"},\"sameAs\":[\"http:\/\/harpist.dk\",\"www.facebook.com\/harpistdk\",\"www.instagram.com\/harpistdk\"]}]}<\/script>\n<!-- \/ Yoast SEO plugin. -->","yoast_head_json":{"title":"Hem - Steaph Chaimbeul","robots":{"index":"index","follow":"follow","max-snippet":"max-snippet:-1","max-image-preview":"max-image-preview:large","max-video-preview":"max-video-preview:-1"},"canonical":"https:\/\/harpist.dk\/sv\/","og_locale":"sv_SE","og_type":"article","og_title":"Hem - Steaph Chaimbeul","og_description":"An Elegant harpist for your Ceremony or Reception Are you looking for an elegant and beautiful addition to your wedding? Based in Copenhagen and available to travel around Sj\u00e6lland, I am a professional wedding musician, offering a wide range of harp music. My repertoire includes your favorite pop songs, classical music, folk tunes, and film [&hellip;]","og_url":"https:\/\/harpist.dk\/sv\/","og_site_name":"Steaph Chaimbeul","article_publisher":"www.facebook.com\/harpistdk","article_modified_time":"2026-05-12T05:07:15+00:00","og_image":[{"width":2160,"height":1440,"url":"https:\/\/harpist.dk\/wp-content\/uploads\/2024\/09\/Steaph-Chaimbeul-23-4.jpg","type":"image\/jpeg"}],"twitter_card":"summary_large_image","twitter_misc":{"Ber\u00e4knad l\u00e4stid":"2 minuter"},"schema":{"@context":"https:\/\/schema.org","@graph":[{"@type":"WebPage","@id":"https:\/\/harpist.dk\/sv\/","url":"https:\/\/harpist.dk\/sv\/","name":"Hem - Steaph Chaimbeul","isPartOf":{"@id":"https:\/\/harpist.dk\/sv\/#website"},"primaryImageOfPage":{"@id":"https:\/\/harpist.dk\/sv\/#primaryimage"},"image":{"@id":"https:\/\/harpist.dk\/sv\/#primaryimage"},"thumbnailUrl":"https:\/\/harpist.dk\/wp-content\/uploads\/2024\/09\/Steaph-Chaimbeul-23-4.jpg","datePublished":"2024-09-03T12:03:37+00:00","dateModified":"2026-05-12T05:07:15+00:00","breadcrumb":{"@id":"https:\/\/harpist.dk\/sv\/#breadcrumb"},"inLanguage":"sv-SE","potentialAction":[{"@type":"ReadAction","target":["https:\/\/harpist.dk\/sv\/"]}]},{"@type":"ImageObject","inLanguage":"sv-SE","@id":"https:\/\/harpist.dk\/sv\/#primaryimage","url":"https:\/\/harpist.dk\/wp-content\/uploads\/2024\/09\/Steaph-Chaimbeul-23-4.jpg","contentUrl":"https:\/\/harpist.dk\/wp-content\/uploads\/2024\/09\/Steaph-Chaimbeul-23-4.jpg"},{"@type":"BreadcrumbList","@id":"https:\/\/harpist.dk\/sv\/#breadcrumb","itemListElement":[{"@type":"ListItem","position":1,"name":"Home","item":"https:\/\/harpist.dk\/sv\/"},{"@type":"ListItem","position":2,"name":"Hem"}]},{"@type":"WebSite","@id":"https:\/\/harpist.dk\/sv\/#website","url":"https:\/\/harpist.dk\/sv\/","name":"Steaph Chaimbeul - harpist","description":"Elevate your event with live harp music","publisher":{"@id":"https:\/\/harpist.dk\/sv\/#\/schema\/person\/bc90376cc07517b3f9e25f7de1102409"},"potentialAction":[{"@type":"SearchAction","target":{"@type":"EntryPoint","urlTemplate":"https:\/\/harpist.dk\/sv\/?s={search_term_string}"},"query-input":{"@type":"PropertyValueSpecification","valueRequired":true,"valueName":"search_term_string"}}],"inLanguage":"sv-SE"},{"@type":["Person","Organization"],"@id":"https:\/\/harpist.dk\/sv\/#\/schema\/person\/bc90376cc07517b3f9e25f7de1102409","name":"Steaph","image":{"@type":"ImageObject","inLanguage":"sv-SE","@id":"https:\/\/harpist.dk\/sv\/#\/schema\/person\/image\/","url":"https:\/\/harpist.dk\/wp-content\/uploads\/2024\/09\/LogoMakr-733BO8-300dpi.png","contentUrl":"https:\/\/harpist.dk\/wp-content\/uploads\/2024\/09\/LogoMakr-733BO8-300dpi.png","width":1187,"height":1440,"caption":"Steaph"},"logo":{"@id":"https:\/\/harpist.dk\/sv\/#\/schema\/person\/image\/"},"sameAs":["http:\/\/harpist.dk","www.facebook.com\/harpistdk","www.instagram.com\/harpistdk"]}]}},"_links":{"self":[{"href":"https:\/\/harpist.dk\/sv\/wp-json\/wp\/v2\/pages\/866","targetHints":{"allow":["GET"]}}],"collection":[{"href":"https:\/\/harpist.dk\/sv\/wp-json\/wp\/v2\/pages"}],"about":[{"href":"https:\/\/harpist.dk\/sv\/wp-json\/wp\/v2\/types\/page"}],"author":[{"embeddable":true,"href":"https:\/\/harpist.dk\/sv\/wp-json\/wp\/v2\/users\/1"}],"replies":[{"embeddable":true,"href":"https:\/\/harpist.dk\/sv\/wp-json\/wp\/v2\/comments?post=866"}],"version-history":[{"count":5,"href":"https:\/\/harpist.dk\/sv\/wp-json\/wp\/v2\/pages\/866\/revisions"}],"predecessor-version":[{"id":1133,"href":"https:\/\/harpist.dk\/sv\/wp-json\/wp\/v2\/pages\/866\/revisions\/1133"}],"wp:attachment":[{"href":"https:\/\/harpist.dk\/sv\/wp-json\/wp\/v2\/media?parent=866"}],"curies":[{"name":"wp","href":"https:\/\/api.w.org\/{rel}","templated":true}]}}