{"id":863,"date":"2024-09-03T14:17:02","date_gmt":"2024-09-03T12:17:02","guid":{"rendered":"https:\/\/harpi.st\/kontakt\/"},"modified":"2026-03-14T14:51:26","modified_gmt":"2026-03-14T13:51:26","slug":"kontakt","status":"publish","type":"page","link":"https:\/\/harpist.dk\/sv\/kontakt\/","title":{"rendered":"Kontakt"},"content":{"rendered":"\n<div class=\"wp-block-group alignfull has-global-padding is-content-justification-center is-layout-constrained wp-container-core-group-is-layout-816f98c8 wp-block-group-is-layout-constrained\" style=\"padding-right:65px;padding-bottom:80px;padding-left:65px\">\n<div class=\"wp-block-columns alignwide are-vertically-aligned-center is-layout-flex wp-container-core-columns-is-layout-b0780aed wp-block-columns-is-layout-flex\" style=\"padding-right:0;padding-left:0\">\n<div class=\"wp-block-column is-vertically-aligned-center has-global-padding is-content-justification-left is-layout-constrained wp-container-core-column-is-layout-737acac6 wp-block-column-is-layout-constrained\" style=\"padding-right:100px\">\n<h2 class=\"wp-block-heading has-text-color has-link-color wp-elements-932eb4a10af6b8bcc9eb9cf1d7025b76\" style=\"color:#000000\">Kontakta mig!<\/h2>\n\n\n\n<hr class=\"wp-block-separator has-alpha-channel-opacity\" \/>\n\n\n\n<p class=\"has-text-color has-link-color wp-elements-d06d69e923cc5955e76bbec4a4b4fdae\" style=\"color:#000000;font-size:clamp(14px, 0.875rem + ((1vw - 3.2px) * 0.227), 16px);font-style:normal;font-weight:300\">F\u00f6lj mig g\u00e4rna p\u00e5 sociala medier f\u00f6r att h\u00e5lla kontakten och f\u00e5 alla senaste uppdateringar om mig!<\/p>\n\n\n\n<ul class=\"wp-block-social-links alignleft has-normal-icon-size has-icon-color is-style-logos-only is-horizontal is-content-justification-left is-nowrap is-layout-flex wp-container-core-social-links-is-layout-a3ab9f45 wp-block-social-links-is-layout-flex\"><li style=\"color:#000000;\" class=\"wp-social-link wp-social-link-instagram has-contrast-color wp-block-social-link\"><a rel=\"noopener nofollow\" target=\"_blank\" href=\"https:\/\/www.instagram.com\/harpistdk\/\" class=\"wp-block-social-link-anchor\"><svg width=\"24\" height=\"24\" viewBox=\"0 0 24 24\" version=\"1.1\" xmlns=\"http:\/\/www.w3.org\/2000\/svg\" aria-hidden=\"true\" focusable=\"false\"><path d=\"M12,4.622c2.403,0,2.688,0.009,3.637,0.052c0.877,0.04,1.354,0.187,1.671,0.31c0.42,0.163,0.72,0.358,1.035,0.673 c0.315,0.315,0.51,0.615,0.673,1.035c0.123,0.317,0.27,0.794,0.31,1.671c0.043,0.949,0.052,1.234,0.052,3.637 s-0.009,2.688-0.052,3.637c-0.04,0.877-0.187,1.354-0.31,1.671c-0.163,0.42-0.358,0.72-0.673,1.035 c-0.315,0.315-0.615,0.51-1.035,0.673c-0.317,0.123-0.794,0.27-1.671,0.31c-0.949,0.043-1.233,0.052-3.637,0.052 s-2.688-0.009-3.637-0.052c-0.877-0.04-1.354-0.187-1.671-0.31c-0.42-0.163-0.72-0.358-1.035-0.673 c-0.315-0.315-0.51-0.615-0.673-1.035c-0.123-0.317-0.27-0.794-0.31-1.671C4.631,14.688,4.622,14.403,4.622,12 s0.009-2.688,0.052-3.637c0.04-0.877,0.187-1.354,0.31-1.671c0.163-0.42,0.358-0.72,0.673-1.035 c0.315-0.315,0.615-0.51,1.035-0.673c0.317-0.123,0.794-0.27,1.671-0.31C9.312,4.631,9.597,4.622,12,4.622 M12,3 C9.556,3,9.249,3.01,8.289,3.054C7.331,3.098,6.677,3.25,6.105,3.472C5.513,3.702,5.011,4.01,4.511,4.511 c-0.5,0.5-0.808,1.002-1.038,1.594C3.25,6.677,3.098,7.331,3.054,8.289C3.01,9.249,3,9.556,3,12c0,2.444,0.01,2.751,0.054,3.711 c0.044,0.958,0.196,1.612,0.418,2.185c0.23,0.592,0.538,1.094,1.038,1.594c0.5,0.5,1.002,0.808,1.594,1.038 c0.572,0.222,1.227,0.375,2.185,0.418C9.249,20.99,9.556,21,12,21s2.751-0.01,3.711-0.054c0.958-0.044,1.612-0.196,2.185-0.418 c0.592-0.23,1.094-0.538,1.594-1.038c0.5-0.5,0.808-1.002,1.038-1.594c0.222-0.572,0.375-1.227,0.418-2.185 C20.99,14.751,21,14.444,21,12s-0.01-2.751-0.054-3.711c-0.044-0.958-0.196-1.612-0.418-2.185c-0.23-0.592-0.538-1.094-1.038-1.594 c-0.5-0.5-1.002-0.808-1.594-1.038c-0.572-0.222-1.227-0.375-2.185-0.418C14.751,3.01,14.444,3,12,3L12,3z M12,7.378 c-2.552,0-4.622,2.069-4.622,4.622S9.448,16.622,12,16.622s4.622-2.069,4.622-4.622S14.552,7.378,12,7.378z M12,15 c-1.657,0-3-1.343-3-3s1.343-3,3-3s3,1.343,3,3S13.657,15,12,15z M16.804,6.116c-0.596,0-1.08,0.484-1.08,1.08 s0.484,1.08,1.08,1.08c0.596,0,1.08-0.484,1.08-1.08S17.401,6.116,16.804,6.116z\"><\/path><\/svg><span class=\"wp-block-social-link-label screen-reader-text\">Instagram<\/span><\/a><\/li>\n\n<li style=\"color:#000000;\" class=\"wp-social-link wp-social-link-facebook has-contrast-color wp-block-social-link\"><a rel=\"noopener nofollow\" target=\"_blank\" href=\"https:\/\/www.facebook.com\/steaphc\" class=\"wp-block-social-link-anchor\"><svg width=\"24\" height=\"24\" viewBox=\"0 0 24 24\" version=\"1.1\" xmlns=\"http:\/\/www.w3.org\/2000\/svg\" aria-hidden=\"true\" focusable=\"false\"><path d=\"M12 2C6.5 2 2 6.5 2 12c0 5 3.7 9.1 8.4 9.9v-7H7.9V12h2.5V9.8c0-2.5 1.5-3.9 3.8-3.9 1.1 0 2.2.2 2.2.2v2.5h-1.3c-1.2 0-1.6.8-1.6 1.6V12h2.8l-.4 2.9h-2.3v7C18.3 21.1 22 17 22 12c0-5.5-4.5-10-10-10z\"><\/path><\/svg><span class=\"wp-block-social-link-label screen-reader-text\">Facebook<\/span><\/a><\/li><\/ul>\n\n\n\n<figure class=\"wp-block-image aligncenter size-full\"><img loading=\"lazy\" decoding=\"async\" width=\"960\" height=\"1440\" sizes=\"auto, (max-width: 325px) 100vw, 325px\" src=\"https:\/\/harpist.dk\/wp-content\/uploads\/2024\/09\/Steaph-Chaimbeul-30-3.jpg\" alt=\"\" class=\"wp-image-738\" \/><\/figure>\n<\/div>\n\n\n\n<div class=\"wp-block-column is-vertically-aligned-center is-layout-flow wp-block-column-is-layout-flow\">\n<div class=\"wp-block-group has-global-padding is-layout-constrained wp-block-group-is-layout-constrained\" style=\"margin-top:3.51rem\"><style id=\"wpforms-css-vars-715-block-262e0403-96a5-4d83-91f5-04f61c6962b1\">\n\t\t\t\t#wpforms-715.wpforms-block-262e0403-96a5-4d83-91f5-04f61c6962b1 {\n\t\t\t\t--wpforms-field-background-color: #F6F6F6;\n--wpforms-button-border-radius: 0px;\n--wpforms-button-background-color: #000000;\n--wpforms-field-size-input-height: 50px;\n--wpforms-field-size-input-spacing: 20px;\n--wpforms-field-size-font-size: 18px;\n--wpforms-field-size-line-height: 21px;\n--wpforms-field-size-padding-h: 14px;\n--wpforms-field-size-checkbox-size: 18px;\n--wpforms-field-size-sublabel-spacing: 10px;\n--wpforms-field-size-icon-size: 1.25;\n--wpforms-label-size-font-size: 16px;\n--wpforms-label-size-line-height: 19px;\n--wpforms-label-size-sublabel-font-size: 14px;\n--wpforms-label-size-sublabel-line-height: 17px;\n--wpforms-button-size-font-size: 20px;\n--wpforms-button-size-height: 48px;\n--wpforms-button-size-padding-h: 20px;\n--wpforms-button-size-margin-top: 15px;\n\t\t\t}\n\t\t\t<\/style><div class=\"wpforms-container wpforms-container-full wpforms-block wpforms-block-262e0403-96a5-4d83-91f5-04f61c6962b1 wpforms-render-modern\" id=\"wpforms-715\"><form id=\"wpforms-form-715\" class=\"wpforms-validate wpforms-form wpforms-ajax-form\" data-formid=\"715\" method=\"post\" enctype=\"multipart\/form-data\" action=\"\/sv\/wp-json\/wp\/v2\/pages\/863\" data-token=\"52c20f7bc6faefdad7baa045d696d508\" data-token-time=\"1775260818\"><noscript class=\"wpforms-error-noscript\">Aktivera JavaScript i din webbl\u00e4sare f\u00f6r att fylla i formul\u00e4ret.<\/noscript><div id=\"wpforms-error-noscript\" style=\"display: none;\">Aktivera JavaScript i din webbl\u00e4sare f\u00f6r att fylla i formul\u00e4ret.<\/div><div class=\"wpforms-field-container\"><div id=\"wpforms-715-field_4-container\" class=\"wpforms-field wpforms-field-radio\" data-field-id=\"4\"><fieldset><legend class=\"wpforms-field-label\">Please write to me with the details of your event, and I will get back to you as quickly as possible with a quote for you.<\/legend><ul id=\"wpforms-715-field_4\"><li class=\"choice-1 depth-1\"><input type=\"radio\" id=\"wpforms-715-field_4_1\" name=\"wpforms[fields][4]\" value=\"Ceremony Only\" aria-errormessage=\"wpforms-715-field_4_1-error\"  ><label class=\"wpforms-field-label-inline\" for=\"wpforms-715-field_4_1\">Ceremony Only<\/label><\/li><li class=\"choice-2 depth-1\"><input type=\"radio\" id=\"wpforms-715-field_4_2\" name=\"wpforms[fields][4]\" value=\"Ceremony &amp; 1 hour Reception\" aria-errormessage=\"wpforms-715-field_4_2-error\"  ><label class=\"wpforms-field-label-inline\" for=\"wpforms-715-field_4_2\">Ceremony &amp; 1 hour Reception<\/label><\/li><li class=\"choice-3 depth-1\"><input type=\"radio\" id=\"wpforms-715-field_4_3\" name=\"wpforms[fields][4]\" value=\"Background Music for Reception or Dinner\" aria-errormessage=\"wpforms-715-field_4_3-error\"  ><label class=\"wpforms-field-label-inline\" for=\"wpforms-715-field_4_3\">Background Music for Reception or Dinner<\/label><\/li><li class=\"choice-4 depth-1\"><input type=\"radio\" id=\"wpforms-715-field_4_4\" name=\"wpforms[fields][4]\" value=\"Ceremony &amp; 2 Hours Background\" aria-errormessage=\"wpforms-715-field_4_4-error\"  ><label class=\"wpforms-field-label-inline\" for=\"wpforms-715-field_4_4\">Ceremony &amp; 2 Hours Background<\/label><\/li><li class=\"choice-5 depth-1\"><input type=\"radio\" id=\"wpforms-715-field_4_5\" name=\"wpforms[fields][4]\" value=\"Ceremony &amp; Reception &amp; Dinner\" aria-errormessage=\"wpforms-715-field_4_5-error\"  ><label class=\"wpforms-field-label-inline\" for=\"wpforms-715-field_4_5\">Ceremony &amp; Reception &amp; Dinner<\/label><\/li><li class=\"choice-6 depth-1\"><input type=\"radio\" id=\"wpforms-715-field_4_6\" name=\"wpforms[fields][4]\" value=\"Bespoke Package\" aria-errormessage=\"wpforms-715-field_4_6-error\"  ><label class=\"wpforms-field-label-inline\" for=\"wpforms-715-field_4_6\">Bespoke Package<\/label><\/li><li class=\"choice-7 depth-1\"><input type=\"radio\" id=\"wpforms-715-field_4_7\" name=\"wpforms[fields][4]\" value=\"I\u00b4d like to enquire about a different event\" aria-errormessage=\"wpforms-715-field_4_7-error\"  ><label class=\"wpforms-field-label-inline\" for=\"wpforms-715-field_4_7\">I\u00b4d like to enquire about a different event<\/label><\/li><\/ul><\/fieldset><\/div><div id=\"wpforms-715-field_1-container\" class=\"wpforms-field wpforms-field-name\" data-field-id=\"1\"><label class=\"wpforms-field-label\" for=\"wpforms-715-field_1\">Name <span class=\"wpforms-required-label\" aria-hidden=\"true\">*<\/span><\/label><input type=\"text\" id=\"wpforms-715-field_1\" class=\"wpforms-field-medium wpforms-field-required\" name=\"wpforms[fields][1]\" aria-errormessage=\"wpforms-715-field_1-error\" required><\/div><div id=\"wpforms-715-field_2-container\" class=\"wpforms-field wpforms-field-email\" data-field-id=\"2\"><label class=\"wpforms-field-label\" for=\"wpforms-715-field_2\">Email <span class=\"wpforms-required-label\" aria-hidden=\"true\">*<\/span><\/label><input type=\"email\" id=\"wpforms-715-field_2\" class=\"wpforms-field-medium wpforms-field-required\" name=\"wpforms[fields][2]\" spellcheck=\"false\" aria-errormessage=\"wpforms-715-field_2-error\" required><\/div>\t\t<div id=\"wpforms-715-field_5-container\"\n\t\t\tclass=\"wpforms-field wpforms-field-text\"\n\t\t\tdata-field-type=\"text\"\n\t\t\tdata-field-id=\"5\"\n\t\t\t>\n\t\t\t<label class=\"wpforms-field-label\" for=\"wpforms-715-field_5\" >with and write<\/label>\n\t\t\t<input type=\"text\" id=\"wpforms-715-field_5\" class=\"wpforms-field-medium\" name=\"wpforms[fields][5]\" >\n\t\t<\/div>\n\t\t<div id=\"wpforms-715-field_6-container\" class=\"wpforms-field wpforms-field-text\" data-field-id=\"6\"><label class=\"wpforms-field-label\" for=\"wpforms-715-field_6\">Date and time of event<\/label><input type=\"text\" id=\"wpforms-715-field_6\" class=\"wpforms-field-small\" name=\"wpforms[fields][6]\" aria-errormessage=\"wpforms-715-field_6-error\" ><\/div><div id=\"wpforms-715-field_7-container\" class=\"wpforms-field wpforms-field-text\" data-field-id=\"7\"><label class=\"wpforms-field-label\" for=\"wpforms-715-field_7\">Address of Event<\/label><input type=\"text\" id=\"wpforms-715-field_7\" class=\"wpforms-field-medium\" name=\"wpforms[fields][7]\" aria-errormessage=\"wpforms-715-field_7-error\" ><\/div><div id=\"wpforms-715-field_13-container\" class=\"wpforms-field wpforms-field-text\" data-field-id=\"13\"><label class=\"wpforms-field-label\" for=\"wpforms-715-field_13\">Promo Code<\/label><input type=\"text\" id=\"wpforms-715-field_13\" class=\"wpforms-field-medium\" name=\"wpforms[fields][13]\" aria-errormessage=\"wpforms-715-field_13-error\" ><\/div><div id=\"wpforms-715-field_3-container\" class=\"wpforms-field wpforms-field-textarea\" data-field-id=\"3\"><label class=\"wpforms-field-label\" for=\"wpforms-715-field_3\">Comment or Message<\/label><textarea id=\"wpforms-715-field_3\" class=\"wpforms-field-medium\" name=\"wpforms[fields][3]\" aria-errormessage=\"wpforms-715-field_3-error\" ><\/textarea><\/div><script>\n\t\t\t\t( function() {\n\t\t\t\t\tconst style = document.createElement( 'style' );\n\t\t\t\t\tstyle.appendChild( document.createTextNode( '#wpforms-715-field_5-container { position: absolute !important; overflow: hidden !important; display: inline !important; height: 1px !important; width: 1px !important; z-index: -1000 !important; padding: 0 !important; } #wpforms-715-field_5-container input { visibility: hidden; } #wpforms-conversational-form-page #wpforms-715-field_5-container label { counter-increment: none; }' ) );\n\t\t\t\t\tdocument.head.appendChild( style );\n\t\t\t\t\tdocument.currentScript?.remove();\n\t\t\t\t} )();\n\t\t\t<\/script><\/div><!-- .wpforms-field-container --><div class=\"wpforms-submit-container\" ><input type=\"hidden\" name=\"wpforms[id]\" value=\"715\"><input type=\"hidden\" name=\"page_title\" value=\"\"><input type=\"hidden\" name=\"page_url\" value=\"https:\/\/harpist.dk\/sv\/wp-json\/wp\/v2\/pages\/863\"><input type=\"hidden\" name=\"url_referer\" value=\"\"><button type=\"submit\" name=\"wpforms[submit]\" id=\"wpforms-submit-715\" class=\"wpforms-submit\" data-alt-text=\"Sending\u2026\" data-submit-text=\"Send Message\" aria-live=\"assertive\" value=\"wpforms-submit\">Send Message<\/button><img loading=\"lazy\" decoding=\"async\" src=\"https:\/\/harpist.dk\/wp-content\/plugins\/wpforms-lite\/assets\/images\/submit-spin.svg\" class=\"wpforms-submit-spinner\" style=\"display: none;\" width=\"26\" height=\"26\" alt=\"Laddar\"><\/div><\/form><\/div>  <!-- .wpforms-container --><\/div>\n<\/div>\n<\/div>\n<\/div>\n\n<p><\/p>\n","protected":false},"excerpt":{"rendered":"<p>Kontakta mig! F\u00f6lj mig g\u00e4rna p\u00e5 sociala medier f\u00f6r att h\u00e5lla kontakten och f\u00e5 alla senaste uppdateringar om mig!<\/p>\n","protected":false},"author":1,"featured_media":0,"parent":0,"menu_order":0,"comment_status":"closed","ping_status":"closed","template":"","meta":{"_monsterinsights_skip_tracking":false,"_monsterinsights_sitenote_active":false,"_monsterinsights_sitenote_note":"","_monsterinsights_sitenote_category":0,"footnotes":""},"class_list":["post-863","page","type-page","status-publish","hentry"],"yoast_head":"<!-- This site is optimized with the Yoast SEO plugin v24.6 - https:\/\/yoast.com\/wordpress\/plugins\/seo\/ -->\n<title>Kontakt - Steaph Chaimbeul<\/title>\n<meta name=\"robots\" content=\"index, follow, max-snippet:-1, max-image-preview:large, max-video-preview:-1\" \/>\n<link rel=\"canonical\" href=\"https:\/\/harpist.dk\/sv\/kontakt\/\" \/>\n<meta property=\"og:locale\" content=\"sv_SE\" \/>\n<meta property=\"og:type\" content=\"article\" \/>\n<meta property=\"og:title\" content=\"Kontakt - Steaph Chaimbeul\" \/>\n<meta property=\"og:description\" content=\"Kontakta mig! F\u00f6lj mig g\u00e4rna p\u00e5 sociala medier f\u00f6r att h\u00e5lla kontakten och f\u00e5 alla senaste uppdateringar om mig!\" \/>\n<meta property=\"og:url\" content=\"https:\/\/harpist.dk\/sv\/kontakt\/\" \/>\n<meta property=\"og:site_name\" content=\"Steaph Chaimbeul\" \/>\n<meta property=\"article:publisher\" content=\"www.facebook.com\/harpistdk\" \/>\n<meta property=\"article:modified_time\" content=\"2026-03-14T13:51:26+00:00\" \/>\n<meta property=\"og:image\" content=\"https:\/\/harpist.dk\/wp-content\/uploads\/2024\/09\/Steaph-Chaimbeul-30-3.jpg\" \/>\n\t<meta property=\"og:image:width\" content=\"960\" \/>\n\t<meta property=\"og:image:height\" content=\"1440\" \/>\n\t<meta property=\"og:image:type\" content=\"image\/jpeg\" \/>\n<meta name=\"twitter:card\" content=\"summary_large_image\" \/>\n<script type=\"application\/ld+json\" class=\"yoast-schema-graph\">{\"@context\":\"https:\/\/schema.org\",\"@graph\":[{\"@type\":\"WebPage\",\"@id\":\"https:\/\/harpist.dk\/sv\/kontakt\/\",\"url\":\"https:\/\/harpist.dk\/sv\/kontakt\/\",\"name\":\"Kontakt - Steaph Chaimbeul\",\"isPartOf\":{\"@id\":\"https:\/\/harpist.dk\/sv\/#website\"},\"primaryImageOfPage\":{\"@id\":\"https:\/\/harpist.dk\/sv\/kontakt\/#primaryimage\"},\"image\":{\"@id\":\"https:\/\/harpist.dk\/sv\/kontakt\/#primaryimage\"},\"thumbnailUrl\":\"https:\/\/harpist.dk\/wp-content\/uploads\/2024\/09\/Steaph-Chaimbeul-30-3.jpg\",\"datePublished\":\"2024-09-03T12:17:02+00:00\",\"dateModified\":\"2026-03-14T13:51:26+00:00\",\"breadcrumb\":{\"@id\":\"https:\/\/harpist.dk\/sv\/kontakt\/#breadcrumb\"},\"inLanguage\":\"sv-SE\",\"potentialAction\":[{\"@type\":\"ReadAction\",\"target\":[\"https:\/\/harpist.dk\/sv\/kontakt\/\"]}]},{\"@type\":\"ImageObject\",\"inLanguage\":\"sv-SE\",\"@id\":\"https:\/\/harpist.dk\/sv\/kontakt\/#primaryimage\",\"url\":\"https:\/\/harpist.dk\/wp-content\/uploads\/2024\/09\/Steaph-Chaimbeul-30-3.jpg\",\"contentUrl\":\"https:\/\/harpist.dk\/wp-content\/uploads\/2024\/09\/Steaph-Chaimbeul-30-3.jpg\"},{\"@type\":\"BreadcrumbList\",\"@id\":\"https:\/\/harpist.dk\/sv\/kontakt\/#breadcrumb\",\"itemListElement\":[{\"@type\":\"ListItem\",\"position\":1,\"name\":\"Home\",\"item\":\"https:\/\/harpist.dk\/sv\/\"},{\"@type\":\"ListItem\",\"position\":2,\"name\":\"Kontakt\"}]},{\"@type\":\"WebSite\",\"@id\":\"https:\/\/harpist.dk\/sv\/#website\",\"url\":\"https:\/\/harpist.dk\/sv\/\",\"name\":\"Steaph Chaimbeul - harpist\",\"description\":\"Elevate your event with live harp music\",\"publisher\":{\"@id\":\"https:\/\/harpist.dk\/sv\/#\/schema\/person\/bc90376cc07517b3f9e25f7de1102409\"},\"potentialAction\":[{\"@type\":\"SearchAction\",\"target\":{\"@type\":\"EntryPoint\",\"urlTemplate\":\"https:\/\/harpist.dk\/sv\/?s={search_term_string}\"},\"query-input\":{\"@type\":\"PropertyValueSpecification\",\"valueRequired\":true,\"valueName\":\"search_term_string\"}}],\"inLanguage\":\"sv-SE\"},{\"@type\":[\"Person\",\"Organization\"],\"@id\":\"https:\/\/harpist.dk\/sv\/#\/schema\/person\/bc90376cc07517b3f9e25f7de1102409\",\"name\":\"Steaph\",\"image\":{\"@type\":\"ImageObject\",\"inLanguage\":\"sv-SE\",\"@id\":\"https:\/\/harpist.dk\/sv\/#\/schema\/person\/image\/\",\"url\":\"https:\/\/harpist.dk\/wp-content\/uploads\/2024\/09\/LogoMakr-733BO8-300dpi.png\",\"contentUrl\":\"https:\/\/harpist.dk\/wp-content\/uploads\/2024\/09\/LogoMakr-733BO8-300dpi.png\",\"width\":1187,\"height\":1440,\"caption\":\"Steaph\"},\"logo\":{\"@id\":\"https:\/\/harpist.dk\/sv\/#\/schema\/person\/image\/\"},\"sameAs\":[\"http:\/\/harpist.dk\",\"www.facebook.com\/harpistdk\",\"www.instagram.com\/harpistdk\"]}]}<\/script>\n<!-- \/ Yoast SEO plugin. -->","yoast_head_json":{"title":"Kontakt - Steaph Chaimbeul","robots":{"index":"index","follow":"follow","max-snippet":"max-snippet:-1","max-image-preview":"max-image-preview:large","max-video-preview":"max-video-preview:-1"},"canonical":"https:\/\/harpist.dk\/sv\/kontakt\/","og_locale":"sv_SE","og_type":"article","og_title":"Kontakt - Steaph Chaimbeul","og_description":"Kontakta mig! F\u00f6lj mig g\u00e4rna p\u00e5 sociala medier f\u00f6r att h\u00e5lla kontakten och f\u00e5 alla senaste uppdateringar om mig!","og_url":"https:\/\/harpist.dk\/sv\/kontakt\/","og_site_name":"Steaph Chaimbeul","article_publisher":"www.facebook.com\/harpistdk","article_modified_time":"2026-03-14T13:51:26+00:00","og_image":[{"width":960,"height":1440,"url":"https:\/\/harpist.dk\/wp-content\/uploads\/2024\/09\/Steaph-Chaimbeul-30-3.jpg","type":"image\/jpeg"}],"twitter_card":"summary_large_image","schema":{"@context":"https:\/\/schema.org","@graph":[{"@type":"WebPage","@id":"https:\/\/harpist.dk\/sv\/kontakt\/","url":"https:\/\/harpist.dk\/sv\/kontakt\/","name":"Kontakt - Steaph Chaimbeul","isPartOf":{"@id":"https:\/\/harpist.dk\/sv\/#website"},"primaryImageOfPage":{"@id":"https:\/\/harpist.dk\/sv\/kontakt\/#primaryimage"},"image":{"@id":"https:\/\/harpist.dk\/sv\/kontakt\/#primaryimage"},"thumbnailUrl":"https:\/\/harpist.dk\/wp-content\/uploads\/2024\/09\/Steaph-Chaimbeul-30-3.jpg","datePublished":"2024-09-03T12:17:02+00:00","dateModified":"2026-03-14T13:51:26+00:00","breadcrumb":{"@id":"https:\/\/harpist.dk\/sv\/kontakt\/#breadcrumb"},"inLanguage":"sv-SE","potentialAction":[{"@type":"ReadAction","target":["https:\/\/harpist.dk\/sv\/kontakt\/"]}]},{"@type":"ImageObject","inLanguage":"sv-SE","@id":"https:\/\/harpist.dk\/sv\/kontakt\/#primaryimage","url":"https:\/\/harpist.dk\/wp-content\/uploads\/2024\/09\/Steaph-Chaimbeul-30-3.jpg","contentUrl":"https:\/\/harpist.dk\/wp-content\/uploads\/2024\/09\/Steaph-Chaimbeul-30-3.jpg"},{"@type":"BreadcrumbList","@id":"https:\/\/harpist.dk\/sv\/kontakt\/#breadcrumb","itemListElement":[{"@type":"ListItem","position":1,"name":"Home","item":"https:\/\/harpist.dk\/sv\/"},{"@type":"ListItem","position":2,"name":"Kontakt"}]},{"@type":"WebSite","@id":"https:\/\/harpist.dk\/sv\/#website","url":"https:\/\/harpist.dk\/sv\/","name":"Steaph Chaimbeul - harpist","description":"Elevate your event with live harp music","publisher":{"@id":"https:\/\/harpist.dk\/sv\/#\/schema\/person\/bc90376cc07517b3f9e25f7de1102409"},"potentialAction":[{"@type":"SearchAction","target":{"@type":"EntryPoint","urlTemplate":"https:\/\/harpist.dk\/sv\/?s={search_term_string}"},"query-input":{"@type":"PropertyValueSpecification","valueRequired":true,"valueName":"search_term_string"}}],"inLanguage":"sv-SE"},{"@type":["Person","Organization"],"@id":"https:\/\/harpist.dk\/sv\/#\/schema\/person\/bc90376cc07517b3f9e25f7de1102409","name":"Steaph","image":{"@type":"ImageObject","inLanguage":"sv-SE","@id":"https:\/\/harpist.dk\/sv\/#\/schema\/person\/image\/","url":"https:\/\/harpist.dk\/wp-content\/uploads\/2024\/09\/LogoMakr-733BO8-300dpi.png","contentUrl":"https:\/\/harpist.dk\/wp-content\/uploads\/2024\/09\/LogoMakr-733BO8-300dpi.png","width":1187,"height":1440,"caption":"Steaph"},"logo":{"@id":"https:\/\/harpist.dk\/sv\/#\/schema\/person\/image\/"},"sameAs":["http:\/\/harpist.dk","www.facebook.com\/harpistdk","www.instagram.com\/harpistdk"]}]}},"_links":{"self":[{"href":"https:\/\/harpist.dk\/sv\/wp-json\/wp\/v2\/pages\/863","targetHints":{"allow":["GET"]}}],"collection":[{"href":"https:\/\/harpist.dk\/sv\/wp-json\/wp\/v2\/pages"}],"about":[{"href":"https:\/\/harpist.dk\/sv\/wp-json\/wp\/v2\/types\/page"}],"author":[{"embeddable":true,"href":"https:\/\/harpist.dk\/sv\/wp-json\/wp\/v2\/users\/1"}],"replies":[{"embeddable":true,"href":"https:\/\/harpist.dk\/sv\/wp-json\/wp\/v2\/comments?post=863"}],"version-history":[{"count":2,"href":"https:\/\/harpist.dk\/sv\/wp-json\/wp\/v2\/pages\/863\/revisions"}],"predecessor-version":[{"id":1136,"href":"https:\/\/harpist.dk\/sv\/wp-json\/wp\/v2\/pages\/863\/revisions\/1136"}],"wp:attachment":[{"href":"https:\/\/harpist.dk\/sv\/wp-json\/wp\/v2\/media?parent=863"}],"curies":[{"name":"wp","href":"https:\/\/api.w.org\/{rel}","templated":true}]}}