{"id":860,"date":"2024-09-03T14:06:35","date_gmt":"2024-09-03T12:06:35","guid":{"rendered":"https:\/\/harpi.st\/om\/"},"modified":"2026-04-29T00:10:04","modified_gmt":"2026-04-28T22:10:04","slug":"om","status":"publish","type":"page","link":"https:\/\/harpist.dk\/sv\/om\/","title":{"rendered":"Om"},"content":{"rendered":"\n<div class=\"wp-block-cover alignfull is-light wp-duotone-unset-1\" style=\"min-height:100vh;aspect-ratio:unset;\"><span aria-hidden=\"true\" class=\"wp-block-cover__background has-background-dim-20 has-background-dim\" style=\"background-color:#c6b7b1\"><\/span><img loading=\"lazy\" decoding=\"async\" width=\"2160\" height=\"1440\" sizes=\"auto, 100vw\" class=\"wp-block-cover__image-background wp-image-675\" alt=\"\" src=\"https:\/\/harpist.dk\/wp-content\/uploads\/2024\/09\/Steaph-Chaimbeul-24-3.jpg\" data-object-fit=\"cover\" \/><div class=\"wp-block-cover__inner-container has-global-padding is-layout-constrained wp-container-core-cover-is-layout-4383d167 wp-block-cover-is-layout-constrained\">\n<h2 class=\"wp-block-heading has-text-align-center has-text-color has-work-sans-font-family\" style=\"color:#ffffff;font-size:clamp(50.171px, 3.136rem + ((1vw - 3.2px) * 5.662), 100px);font-style:normal;font-weight:300;letter-spacing:15px;text-transform:uppercase\">OM STEAPH<\/h2>\n<\/div><\/div>\n\n<div class=\"wp-block-cover alignfull is-light\"><span aria-hidden=\"true\" class=\"wp-block-cover__background has-background-dim-0 has-background-dim\" style=\"background-color:#f3f3f3\"><\/span><div class=\"wp-block-cover__inner-container has-global-padding is-layout-constrained wp-block-cover-is-layout-constrained\">\n<div class=\"wp-block-group alignfull has-global-padding is-layout-constrained wp-container-core-group-is-layout-6ccb5f3b wp-block-group-is-layout-constrained\" style=\"padding-top:45px;padding-bottom:80px\">\n<div class=\"wp-block-columns alignwide is-layout-flex wp-container-core-columns-is-layout-bad5dd0e wp-block-columns-is-layout-flex\">\n<div class=\"wp-block-column is-layout-flow wp-container-core-column-is-layout-1284340a wp-block-column-is-layout-flow\" style=\"padding-right:10px;padding-left:10px;flex-basis:60%\">\n<h6 class=\"wp-block-heading has-text-color has-link-color wp-elements-8af2ad19ed6900cefeaccae3b7bc2adb\" style=\"color:#959e95;font-size:clamp(0.875rem, 0.875rem + ((1vw - 0.2rem) * 0.045), 0.9rem);font-style:normal;font-weight:500\"><\/h6>\n\n\n\n<div class=\"wp-block-group has-global-padding is-content-justification-left is-layout-constrained wp-container-core-group-is-layout-aaf2b7b1 wp-block-group-is-layout-constrained\" style=\"padding-bottom:10px\">\n<p>Steaph v\u00e4xte upp p\u00e5 Isle of Skye, omgiven av gaelisk musik, s\u00e5ng och kultur, vilket djupt p\u00e5verkade hennes musik. Hennes passion f\u00f6r harpan b\u00f6rjade i ung \u00e5lder, och hon finslipade senare sina f\u00e4rdigheter genom klassisk tr\u00e4ning. Idag \u00e5terspeglar hennes musik en unik fusion av traditionella och klassiska stilar, tillsammans med en modern twist.  <\/p>\n\n\n\n<p>F\u00f6r n\u00e4rvarande bosatt i K\u00f6penhamn, tog Steaph en masterexamen i musik fr\u00e5n Det Kongelige Danske Musikkonservatorium \u00e5r 2023. Hon har \u00e4ven en examen fr\u00e5n Royal Northern College of Music i Manchester och har tillbringat ett \u00e5r med studier i Brest, Bretagne. <\/p>\n\n\n\n<p>Steaph har upptr\u00e4tt som orkestermusiker med flera prestigefyllda ensembler, inklusive Danska Radions Orkester, DR Pigekoret, K\u00f6penhamns Filharmoniker och Aalborgs Symfoniorkester. Hennes repertoar \u00e4r omfattande och str\u00e4cker sig fr\u00e5n modern pop- och filmmusik till keltiska och klassiska verk. Hon \u00e4r stolt \u00f6ver att arbeta n\u00e4ra sina klienter f\u00f6r att skapa personliga musikupplevelser och \u00e4r alltid villig att tillm\u00f6tesg\u00e5 specifika \u00f6nskem\u00e5l om l\u00e5tar.  <\/p>\n\n\n\n<p>Som harpist ger Steaphs framtr\u00e4danden en elegant och magisk touch till vilket evenemang som helst. Oavsett om du planerar ett br\u00f6llop, ett f\u00f6retagsevenemang eller en privat fest kan hon hj\u00e4lpa till att skapa den perfekta atmosf\u00e4ren med sin vackra musik. <\/p>\n<\/div>\n<\/div>\n\n\n\n<div class=\"wp-block-column is-layout-flow wp-block-column-is-layout-flow\" style=\"padding-right:10px;padding-left:10px;flex-basis:40%\">\n<figure class=\"wp-block-image size-full has-custom-border\"><img loading=\"lazy\" decoding=\"async\" width=\"960\" height=\"1440\" sizes=\"auto, (max-width: 260px) 100vw, 260px\" src=\"https:\/\/harpist.dk\/wp-content\/uploads\/2024\/09\/Steaph-Chaimbeul-26-5.jpg\" alt=\"\" class=\"wp-image-441\" style=\"border-radius:16px\" \/><\/figure>\n<\/div>\n<\/div>\n<\/div>\n<\/div><\/div>\n","protected":false},"excerpt":{"rendered":"","protected":false},"author":1,"featured_media":0,"parent":0,"menu_order":0,"comment_status":"closed","ping_status":"closed","template":"","meta":{"_monsterinsights_skip_tracking":false,"_monsterinsights_sitenote_active":false,"_monsterinsights_sitenote_note":"","_monsterinsights_sitenote_category":0,"footnotes":""},"class_list":["post-860","page","type-page","status-publish","hentry"],"yoast_head":"<!-- This site is optimized with the Yoast SEO plugin v24.6 - https:\/\/yoast.com\/wordpress\/plugins\/seo\/ -->\n<title>Om - Steaph Chaimbeul<\/title>\n<meta name=\"robots\" content=\"index, follow, max-snippet:-1, max-image-preview:large, max-video-preview:-1\" \/>\n<link rel=\"canonical\" href=\"https:\/\/harpist.dk\/sv\/om\/\" \/>\n<meta property=\"og:locale\" content=\"sv_SE\" \/>\n<meta property=\"og:type\" content=\"article\" \/>\n<meta property=\"og:title\" content=\"Om - Steaph Chaimbeul\" \/>\n<meta property=\"og:url\" content=\"https:\/\/harpist.dk\/sv\/om\/\" \/>\n<meta property=\"og:site_name\" content=\"Steaph Chaimbeul\" \/>\n<meta property=\"article:publisher\" content=\"www.facebook.com\/harpistdk\" \/>\n<meta property=\"article:modified_time\" content=\"2026-04-28T22:10:04+00:00\" \/>\n<meta property=\"og:image\" content=\"https:\/\/harpist.dk\/wp-content\/uploads\/2024\/09\/Steaph-Chaimbeul-24-3.jpg\" \/>\n\t<meta property=\"og:image:width\" content=\"2160\" \/>\n\t<meta property=\"og:image:height\" content=\"1440\" \/>\n\t<meta property=\"og:image:type\" content=\"image\/jpeg\" \/>\n<meta name=\"twitter:card\" content=\"summary_large_image\" \/>\n<meta name=\"twitter:label1\" content=\"Ber\u00e4knad l\u00e4stid\" \/>\n\t<meta name=\"twitter:data1\" content=\"1 minut\" \/>\n<script type=\"application\/ld+json\" class=\"yoast-schema-graph\">{\"@context\":\"https:\/\/schema.org\",\"@graph\":[{\"@type\":\"WebPage\",\"@id\":\"https:\/\/harpist.dk\/sv\/om\/\",\"url\":\"https:\/\/harpist.dk\/sv\/om\/\",\"name\":\"Om - Steaph Chaimbeul\",\"isPartOf\":{\"@id\":\"https:\/\/harpist.dk\/sv\/#website\"},\"primaryImageOfPage\":{\"@id\":\"https:\/\/harpist.dk\/sv\/om\/#primaryimage\"},\"image\":{\"@id\":\"https:\/\/harpist.dk\/sv\/om\/#primaryimage\"},\"thumbnailUrl\":\"https:\/\/harpist.dk\/wp-content\/uploads\/2024\/09\/Steaph-Chaimbeul-24-3.jpg\",\"datePublished\":\"2024-09-03T12:06:35+00:00\",\"dateModified\":\"2026-04-28T22:10:04+00:00\",\"breadcrumb\":{\"@id\":\"https:\/\/harpist.dk\/sv\/om\/#breadcrumb\"},\"inLanguage\":\"sv-SE\",\"potentialAction\":[{\"@type\":\"ReadAction\",\"target\":[\"https:\/\/harpist.dk\/sv\/om\/\"]}]},{\"@type\":\"ImageObject\",\"inLanguage\":\"sv-SE\",\"@id\":\"https:\/\/harpist.dk\/sv\/om\/#primaryimage\",\"url\":\"https:\/\/harpist.dk\/wp-content\/uploads\/2024\/09\/Steaph-Chaimbeul-24-3.jpg\",\"contentUrl\":\"https:\/\/harpist.dk\/wp-content\/uploads\/2024\/09\/Steaph-Chaimbeul-24-3.jpg\"},{\"@type\":\"BreadcrumbList\",\"@id\":\"https:\/\/harpist.dk\/sv\/om\/#breadcrumb\",\"itemListElement\":[{\"@type\":\"ListItem\",\"position\":1,\"name\":\"Home\",\"item\":\"https:\/\/harpist.dk\/sv\/\"},{\"@type\":\"ListItem\",\"position\":2,\"name\":\"Om\"}]},{\"@type\":\"WebSite\",\"@id\":\"https:\/\/harpist.dk\/sv\/#website\",\"url\":\"https:\/\/harpist.dk\/sv\/\",\"name\":\"Steaph Chaimbeul - harpist\",\"description\":\"Elevate your event with live harp music\",\"publisher\":{\"@id\":\"https:\/\/harpist.dk\/sv\/#\/schema\/person\/bc90376cc07517b3f9e25f7de1102409\"},\"potentialAction\":[{\"@type\":\"SearchAction\",\"target\":{\"@type\":\"EntryPoint\",\"urlTemplate\":\"https:\/\/harpist.dk\/sv\/?s={search_term_string}\"},\"query-input\":{\"@type\":\"PropertyValueSpecification\",\"valueRequired\":true,\"valueName\":\"search_term_string\"}}],\"inLanguage\":\"sv-SE\"},{\"@type\":[\"Person\",\"Organization\"],\"@id\":\"https:\/\/harpist.dk\/sv\/#\/schema\/person\/bc90376cc07517b3f9e25f7de1102409\",\"name\":\"Steaph\",\"image\":{\"@type\":\"ImageObject\",\"inLanguage\":\"sv-SE\",\"@id\":\"https:\/\/harpist.dk\/sv\/#\/schema\/person\/image\/\",\"url\":\"https:\/\/harpist.dk\/wp-content\/uploads\/2024\/09\/LogoMakr-733BO8-300dpi.png\",\"contentUrl\":\"https:\/\/harpist.dk\/wp-content\/uploads\/2024\/09\/LogoMakr-733BO8-300dpi.png\",\"width\":1187,\"height\":1440,\"caption\":\"Steaph\"},\"logo\":{\"@id\":\"https:\/\/harpist.dk\/sv\/#\/schema\/person\/image\/\"},\"sameAs\":[\"http:\/\/harpist.dk\",\"www.facebook.com\/harpistdk\",\"www.instagram.com\/harpistdk\"]}]}<\/script>\n<!-- \/ Yoast SEO plugin. -->","yoast_head_json":{"title":"Om - Steaph Chaimbeul","robots":{"index":"index","follow":"follow","max-snippet":"max-snippet:-1","max-image-preview":"max-image-preview:large","max-video-preview":"max-video-preview:-1"},"canonical":"https:\/\/harpist.dk\/sv\/om\/","og_locale":"sv_SE","og_type":"article","og_title":"Om - Steaph Chaimbeul","og_url":"https:\/\/harpist.dk\/sv\/om\/","og_site_name":"Steaph Chaimbeul","article_publisher":"www.facebook.com\/harpistdk","article_modified_time":"2026-04-28T22:10:04+00:00","og_image":[{"width":2160,"height":1440,"url":"https:\/\/harpist.dk\/wp-content\/uploads\/2024\/09\/Steaph-Chaimbeul-24-3.jpg","type":"image\/jpeg"}],"twitter_card":"summary_large_image","twitter_misc":{"Ber\u00e4knad l\u00e4stid":"1 minut"},"schema":{"@context":"https:\/\/schema.org","@graph":[{"@type":"WebPage","@id":"https:\/\/harpist.dk\/sv\/om\/","url":"https:\/\/harpist.dk\/sv\/om\/","name":"Om - Steaph Chaimbeul","isPartOf":{"@id":"https:\/\/harpist.dk\/sv\/#website"},"primaryImageOfPage":{"@id":"https:\/\/harpist.dk\/sv\/om\/#primaryimage"},"image":{"@id":"https:\/\/harpist.dk\/sv\/om\/#primaryimage"},"thumbnailUrl":"https:\/\/harpist.dk\/wp-content\/uploads\/2024\/09\/Steaph-Chaimbeul-24-3.jpg","datePublished":"2024-09-03T12:06:35+00:00","dateModified":"2026-04-28T22:10:04+00:00","breadcrumb":{"@id":"https:\/\/harpist.dk\/sv\/om\/#breadcrumb"},"inLanguage":"sv-SE","potentialAction":[{"@type":"ReadAction","target":["https:\/\/harpist.dk\/sv\/om\/"]}]},{"@type":"ImageObject","inLanguage":"sv-SE","@id":"https:\/\/harpist.dk\/sv\/om\/#primaryimage","url":"https:\/\/harpist.dk\/wp-content\/uploads\/2024\/09\/Steaph-Chaimbeul-24-3.jpg","contentUrl":"https:\/\/harpist.dk\/wp-content\/uploads\/2024\/09\/Steaph-Chaimbeul-24-3.jpg"},{"@type":"BreadcrumbList","@id":"https:\/\/harpist.dk\/sv\/om\/#breadcrumb","itemListElement":[{"@type":"ListItem","position":1,"name":"Home","item":"https:\/\/harpist.dk\/sv\/"},{"@type":"ListItem","position":2,"name":"Om"}]},{"@type":"WebSite","@id":"https:\/\/harpist.dk\/sv\/#website","url":"https:\/\/harpist.dk\/sv\/","name":"Steaph Chaimbeul - harpist","description":"Elevate your event with live harp music","publisher":{"@id":"https:\/\/harpist.dk\/sv\/#\/schema\/person\/bc90376cc07517b3f9e25f7de1102409"},"potentialAction":[{"@type":"SearchAction","target":{"@type":"EntryPoint","urlTemplate":"https:\/\/harpist.dk\/sv\/?s={search_term_string}"},"query-input":{"@type":"PropertyValueSpecification","valueRequired":true,"valueName":"search_term_string"}}],"inLanguage":"sv-SE"},{"@type":["Person","Organization"],"@id":"https:\/\/harpist.dk\/sv\/#\/schema\/person\/bc90376cc07517b3f9e25f7de1102409","name":"Steaph","image":{"@type":"ImageObject","inLanguage":"sv-SE","@id":"https:\/\/harpist.dk\/sv\/#\/schema\/person\/image\/","url":"https:\/\/harpist.dk\/wp-content\/uploads\/2024\/09\/LogoMakr-733BO8-300dpi.png","contentUrl":"https:\/\/harpist.dk\/wp-content\/uploads\/2024\/09\/LogoMakr-733BO8-300dpi.png","width":1187,"height":1440,"caption":"Steaph"},"logo":{"@id":"https:\/\/harpist.dk\/sv\/#\/schema\/person\/image\/"},"sameAs":["http:\/\/harpist.dk","www.facebook.com\/harpistdk","www.instagram.com\/harpistdk"]}]}},"_links":{"self":[{"href":"https:\/\/harpist.dk\/sv\/wp-json\/wp\/v2\/pages\/860","targetHints":{"allow":["GET"]}}],"collection":[{"href":"https:\/\/harpist.dk\/sv\/wp-json\/wp\/v2\/pages"}],"about":[{"href":"https:\/\/harpist.dk\/sv\/wp-json\/wp\/v2\/types\/page"}],"author":[{"embeddable":true,"href":"https:\/\/harpist.dk\/sv\/wp-json\/wp\/v2\/users\/1"}],"replies":[{"embeddable":true,"href":"https:\/\/harpist.dk\/sv\/wp-json\/wp\/v2\/comments?post=860"}],"version-history":[{"count":2,"href":"https:\/\/harpist.dk\/sv\/wp-json\/wp\/v2\/pages\/860\/revisions"}],"predecessor-version":[{"id":1144,"href":"https:\/\/harpist.dk\/sv\/wp-json\/wp\/v2\/pages\/860\/revisions\/1144"}],"wp:attachment":[{"href":"https:\/\/harpist.dk\/sv\/wp-json\/wp\/v2\/media?parent=860"}],"curies":[{"name":"wp","href":"https:\/\/api.w.org\/{rel}","templated":true}]}}