{"id":918,"date":"2024-09-04T00:44:12","date_gmt":"2024-09-03T22:44:12","guid":{"rendered":"https:\/\/harpi.st\/musik\/"},"modified":"2026-04-06T04:29:24","modified_gmt":"2026-04-06T02:29:24","slug":"musik","status":"publish","type":"page","link":"https:\/\/harpist.dk\/da\/musik\/","title":{"rendered":"Musik"},"content":{"rendered":"\n<h2 class=\"wp-block-heading has-text-color has-link-color wp-elements-17203da50265740da1fb6d69dcfc3611\" style=\"color:#10444c;font-size:clamp(23.043px, 1.44rem + ((1vw - 3.2px) * 1.7), 38px);px;line-height:1.4\"><strong>Et udvalg af sange, som jeg kan spille p\u00e5 harpe. <\/strong>Jeg arbejder i \u00f8jeblikket p\u00e5 at udvide mit repertoire af popul\u00e6re danske sange. Giv mig endelig besked, hvis du har nogle specielle \u00f8nsker. <\/h2>\n\n<div class=\"wp-block-group alignfull has-global-padding is-layout-constrained wp-container-core-group-is-layout-28740690 wp-block-group-is-layout-constrained\" style=\"margin-top:0;margin-bottom:0;padding-top:100px;padding-bottom:100px\">\n<div class=\"wp-block-columns is-layout-flex wp-container-core-columns-is-layout-6c1444e2 wp-block-columns-is-layout-flex\">\n<div class=\"wp-block-column is-layout-flow wp-container-core-column-is-layout-3ca914a4 wp-block-column-is-layout-flow\">\n<h5 class=\"wp-block-heading has-text-align-left has-text-color\" style=\"color:#10444c;font-size:clamp(15.747px, 0.984rem + ((1vw - 3.2px) * 0.938), 24px);font-style:normal;font-weight:600;text-transform:capitalize\"><strong><strong>Popul\u00e6r Musik<\/strong><\/strong><\/h5>\n\n\n\n<p><strong>Abba<\/strong><br \/><em>Dancing Queen<\/em><\/p>\n\n\n\n<p><strong>Alberte Winding<\/strong><br \/><em>Lyse N\u00e6tter<\/em><\/p>\n\n\n\n<p class=\"has-text-align-left\"><strong>Andrea Bocelli<\/strong><br \/><em>Time To Say Goodbye<\/em><\/p>\n\n\n\n<p><strong>Barbara Streisand<\/strong><br \/><em>Evergreen<\/em><\/p>\n\n\n\n<p><strong>Bee Gees<\/strong><br \/><em>How Deep Is Your Love<\/em><\/p>\n\n\n\n<p><strong>Ben E King<\/strong><br \/>Stand By Me<\/p>\n\n\n\n<p><strong>Bette Midler<\/strong><br \/><em>The Rose<\/em><br \/><em>The Wind Beneath My Wings<\/em><\/p>\n\n\n\n<p><strong>Beyonc\u00e9<\/strong><br \/><em>Halo<\/em><\/p>\n\n\n\n<p><strong>Billie Eilish<\/strong><br \/><em>Ocean Eyes<\/em><\/p>\n\n\n\n<figure class=\"wp-block-audio\"><audio controls=\"\" src=\"https:\/\/harpist.dk\/wp-content\/uploads\/2024\/12\/oceaneyes.mp3\"><\/audio><\/figure>\n\n\n\n<p><br \/><em>What Was I Made For<\/em><\/p>\n\n\n\n<figure class=\"wp-block-audio\"><audio controls=\"\" src=\"https:\/\/harpist.dk\/wp-content\/uploads\/2024\/12\/what-was-i-made-for.mp3\"><\/audio><\/figure>\n\n\n\n<p><br \/><em>Lovely<\/em><\/p>\n\n\n\n<figure class=\"wp-block-audio\"><audio controls=\"\" src=\"https:\/\/harpist.dk\/wp-content\/uploads\/2024\/12\/lovely.mp3\"><\/audio><\/figure>\n\n\n\n<p><strong>Billy Joe Thomas<\/strong><br \/><em>Raindrops Keep Fallin&#8217; On My Head<\/em><\/p>\n\n\n\n<p><strong>Bruno Mars<\/strong><br \/><em>Marry You<\/em><\/p>\n\n\n\n<p><strong>Calum Scott<\/strong><br \/><em>You Are The Reason<\/em><\/p>\n\n\n\n<p><strong>Celine Dion<\/strong><br \/><em>All by Myself<\/em><br \/><em>The Prayer<\/em><\/p>\n\n\n\n<p><strong>Chappell Roan<\/strong><br \/><em>Pink Pony Club<\/em><\/p>\n\n\n\n<p><strong>Christina Perri<\/strong><br \/><em>A Thousand Years<\/em><\/p>\n\n\n\n<figure class=\"wp-block-audio\"><audio controls=\"\" src=\"\/wp-content\/uploads\/2024\/09\/A-Thousand-Years-1.mp3\"><\/audio><\/figure>\n\n\n\n<p><strong>Coldplay<\/strong><br \/><em>Clocks<\/em><\/p>\n\n\n\n<figure class=\"wp-block-audio\"><audio controls=\"\" src=\"https:\/\/harpist.dk\/wp-content\/uploads\/2024\/12\/clocks.mp3\"><\/audio><\/figure>\n\n\n\n<p><br \/><em>Paradise<\/em><\/p>\n\n\n\n<figure class=\"wp-block-audio\"><audio controls=\"\" src=\"https:\/\/harpist.dk\/wp-content\/uploads\/2024\/12\/paradise.mp3\"><\/audio><\/figure>\n\n\n\n<p><strong>David Guetta feat. Sia <\/strong><br \/><em>Titanium<\/em><\/p>\n\n\n\n<p><strong>Demis Roussos<\/strong><br \/><em>Goodbye My Love Goodbye<\/em><\/p>\n\n\n\n<p><strong>Des&#8217;ree<\/strong><br \/><em>Kissing You<\/em><\/p>\n\n\n\n<p><strong>Ed Sheeran<\/strong><br \/><em>Perfect<\/em><br \/><em>Photograph<\/em><br \/><em>Thinking Out Loud<\/em><\/p>\n\n\n\n<figure class=\"wp-block-audio\"><audio controls=\"\" src=\"\/wp-content\/uploads\/2024\/09\/Thinking-Out-Loud-Ed-Sheeran.mp3\"><\/audio><\/figure>\n\n\n\n<p><strong>Edith Piaf<\/strong><br \/><em>La Vie En Rose<\/em><\/p>\n\n\n\n<p><strong>Ellie Goulding<\/strong><br \/><em>Love Me Like You Do<\/em><br \/><em>How Long Will I Love You<\/em><\/p>\n\n\n\n<p><strong>Elton John<\/strong><br \/><em>Your Song<\/em><\/p>\n\n\n\n<p><strong>Elvis Presley<\/strong><br \/><em>Blue Hawaii<\/em><br \/><em>Can&#8217;t Help Falling in Love<\/em><br \/><em>Hawaiian Wedding Song<\/em><\/p>\n\n\n\n<figure class=\"wp-block-audio\"><audio controls=\"\" src=\"\/wp-content\/uploads\/2024\/09\/Cant-Help-Falling-In-Love-Elvis.mp3\"><\/audio><\/figure>\n\n\n\n<p><strong>Emeli Sande<\/strong><br \/><em>Beneath Your Beautiful<\/em><\/p>\n\n\n\n<p><strong>Fleetwood Mac<\/strong><br \/><em>Songbird<\/em><\/p>\n\n\n\n<figure class=\"wp-block-audio\"><audio controls=\"\" src=\"https:\/\/harpist.dk\/wp-content\/uploads\/2024\/12\/songbird.mp3\"><\/audio><\/figure>\n\n\n\n<p><strong>Florence and The Machine<\/strong><br \/><em>Cosmic Love<\/em><\/p>\n\n\n\n<p><strong>Foo Fighters<\/strong><br \/><em>Everlong<\/em><\/p>\n\n\n\n<p><strong>Frank Sinatra<\/strong><br \/><em>My Way<\/em><\/p>\n\n\n\n<p><strong>George Michael<\/strong><br \/><em>Careless Whisper<\/em><\/p>\n\n\n\n<p><strong>Glen Hansard<\/strong><br \/><em>Falling Slowly<\/em><\/p>\n\n\n\n<p><strong>Guns n&#8217; Roses<\/strong><br \/><em>Sweet Child O&#8217; Mine<\/em><\/p>\n\n\n\n<p><strong>Harry Styles<\/strong><br \/><em>Adore You<\/em><\/p>\n\n\n\n<p><strong>Henry Mancini<\/strong><br \/><em>Moon River<\/em><\/p>\n\n\n\n<p><strong>James Arthur<\/strong><br \/><em>Say You Won&#8217;t Let Go<\/em><\/p>\n\n\n\n<p><strong>Jason Mraz<\/strong><br \/><em>I&#8217;m Yours<\/em><\/p>\n\n\n\n<p><strong>John Denver<\/strong><br \/><em>Sunshine on My Shoulders<\/em><br \/><em>Annie\u00b4s Song<\/em><br \/><em>Take Me Home, Country Roads<\/em><\/p>\n\n\n\n<p><strong>John Legend<\/strong><br \/><em>Imagine<\/em><br \/><em>All of Me<\/em><\/p>\n\n\n\n<figure class=\"wp-block-audio\"><audio controls=\"\" src=\"\/wp-content\/uploads\/2024\/09\/All-Of-Me-John-Legend.mp3\"><\/audio><\/figure>\n\n\n\n<p><strong>Josh Groban\/Westlife<\/strong><br \/><em>You Raise Me Up<\/em><\/p>\n\n\n\n<p><strong>Katy Perry<\/strong><br \/><em>Unconditionally<\/em><br \/><em>Firework<\/em><\/p>\n\n\n\n<p><strong>Lana Del Rey<\/strong><br \/><em>Video Games<\/em><\/p>\n\n\n\n<figure class=\"wp-block-audio\"><audio controls=\"\" src=\"https:\/\/harpist.dk\/wp-content\/uploads\/2024\/12\/Video-games.mp3\"><\/audio><\/figure>\n\n\n\n<p><br \/><em>Young and Beautiful<\/em><\/p>\n\n\n\n<figure class=\"wp-block-audio\"><audio controls=\"\" src=\"https:\/\/harpist.dk\/wp-content\/uploads\/2024\/12\/young-and-beautiful.mp3\"><\/audio><\/figure>\n\n\n\n<p><strong>Led Zeppelin<\/strong><br \/><em>Going to California<\/em><\/p>\n\n\n\n<p><strong>Leonard Cohen<\/strong><br \/><em>Hallelujah<\/em><\/p>\n\n\n\n<p><strong>Lewis Capaldi<\/strong><br \/><em>Someone You Loved<\/em><\/p>\n\n\n\n<p><strong>Lionel Richie<\/strong><br \/><em>Endless Love<\/em><\/p>\n\n\n\n<p><strong>Lorde<\/strong><br \/><em>Royals<\/em><\/p>\n\n\n\n<p><strong>Louis Armstrong <\/strong><br \/><em>What a Wonderful World<\/em><\/p>\n\n\n\n<p><strong>Luis Fonsi<\/strong><br \/><em>Despacito<\/em><\/p>\n\n\n\n<p><strong>Maroon 5<\/strong><br \/><em>She Will Be Loved<\/em><\/p>\n\n\n\n<p><strong>Mariah Carey<\/strong><br \/><em>Without You<\/em><\/p>\n\n\n\n<p><strong>Miley Cyrus<\/strong><br \/><em>The Climb<\/em><\/p>\n\n\n\n<p><strong>Oasis<\/strong><br \/><em>Wonderwall<\/em><\/p>\n\n\n\n<p><strong>Olivia Rodrigo<\/strong><br \/><em>Drivers License<\/em><\/p>\n\n\n\n<p><strong>Owl City<\/strong><br \/><em>Fireflies<\/em><\/p>\n\n\n\n<p><strong>Pachabel<\/strong><br \/><em>Canon in D<\/em><\/p>\n\n\n\n<p><strong>Paul Stookey<\/strong><br \/><em>The Wedding Song (There is Love)<\/em><\/p>\n\n\n\n<p><strong>Queen<\/strong><br \/><em>Love of My Life<\/em><\/p>\n\n\n\n<p><strong>Rihanna<\/strong><br \/><em>We Found Love in a Hopeless Place<\/em><\/p>\n\n\n\n<p><strong>Righteous Brothers<\/strong><br \/><em>Unchained Melody<\/em><\/p>\n\n\n\n<p><strong>Snow Patrol<\/strong><br \/><em>Chasing Cars<\/em><\/p>\n\n\n\n<p><strong>Sanne Salomonsen<\/strong><br \/><em>Hjem<\/em><\/p>\n\n\n\n<p><strong>Simon and Garfunkel<\/strong><br \/><em>Scarborough Fair<\/em><br \/><em>Bridge Over Troubled Water<\/em><\/p>\n\n\n\n<p><strong>Sting<\/strong><br \/><em>Fields of Gold<\/em><\/p>\n\n\n\n<p><strong>Taylor Swift<\/strong><br \/><em>Wildest Dreams<\/em><br \/><em>Lover<br \/>Love Story<br \/>You Belong With Me<br \/>Fearless<br \/>Fortnight<br \/>I Knew You Were Trouble<br \/>White Horse<\/em><\/p>\n\n\n\n<p><strong>The Beatles<\/strong><br \/><em>All You Need Is Love<\/em><br \/><em>Here Comes the Sun<\/em><br \/><em>I Will<\/em><br \/><em>Yesterday<\/em><\/p>\n\n\n\n<figure class=\"wp-block-audio\"><audio controls=\"\" src=\"\/wp-content\/uploads\/2024\/09\/All-you-need-is-love-beatles.mp3\"><\/audio><\/figure>\n\n\n\n<p><strong>The Lumineers<\/strong><br \/><em>Ho Hey<\/em><\/p>\n\n\n\n<p><strong>The Verve<\/strong><br \/><em>Bittersweet Symphony<\/em><\/p>\n\n\n\n<p><strong>Toto<\/strong><br \/><em>Africa<\/em><\/p>\n\n\n\n<p><strong>Train<\/strong><br \/><em>Marry Me<\/em><\/p>\n\n\n\n<p><strong>Van Morrison<\/strong><br \/><em>Moondance<\/em><\/p>\n\n\n\n<p><strong>Walk The Moon<\/strong><br \/><em>Shut Up and Dance<\/em><\/p>\n\n\n\n<p><strong>Yiruma<\/strong><br \/><em>River Flows in You<\/em><\/p>\n\n\n\n<p><strong>Autumn Leaves<\/strong><\/p>\n<\/div>\n\n\n\n<div class=\"wp-block-column is-layout-flow wp-container-core-column-is-layout-3ca914a4 wp-block-column-is-layout-flow\">\n<h5 class=\"wp-block-heading has-text-align-left has-text-color\" style=\"color:#10444c;font-size:clamp(15.747px, 0.984rem + ((1vw - 3.2px) * 0.938), 24px);font-style:normal;font-weight:600;text-transform:capitalize\"><strong><strong><strong>Sange fra Film\/Musicals\/Spil<\/strong><\/strong><\/strong><\/h5>\n\n\n\n<p class=\"has-text-align-left\"><strong>Aladdin<br \/><\/strong><em>A Whole New World<\/em><\/p>\n\n\n\n<figure class=\"wp-block-audio\"><audio controls=\"\" src=\"\/wp-content\/uploads\/2024\/09\/A-whole-new-world.mp3\"><\/audio><\/figure>\n\n\n\n<p><strong>A Star Is Born<\/strong><strong><br \/><\/strong><em>Shallow<\/em><\/p>\n\n\n\n<p><strong>Beauty and the Beast<\/strong><em><br \/><\/em><em>Beauty and the Beast <\/em><\/p>\n\n\n\n<p><strong>Elder Scrolls III\u00a0<\/strong><br \/><em>Main Theme Morrowmind<\/em><\/p>\n\n\n\n<p><strong>Frozen<\/strong><strong><br \/><\/strong><em>Let It Go<\/em><em><br \/><\/em><em>Do You Want to Build a Snowman?<\/em><\/p>\n\n\n\n<p><strong>Game of Thrones<\/strong><strong><br \/><\/strong><em>Theme from Game of Thrones<\/em><\/p>\n\n\n\n<p><strong>Harry Potter<\/strong><br \/><em>Hedwigs theme<\/em><\/p>\n\n\n\n<p><strong>La La Land<\/strong><strong><br \/><\/strong><em>Mia &amp; Sebastian&#8217;s Theme<\/em><em><br \/><\/em><em>City of Stars<\/em><\/p>\n\n\n\n<p><strong>The Lion King<\/strong><strong><br \/><\/strong><em>Can You Feel the Love Tonight<\/em><\/p>\n\n\n\n<p><strong>Lord of the Rings<\/strong><br \/><em>Concerning Hobbits<\/em><strong><br \/><\/strong><em>Into the West<\/em><\/p>\n\n\n\n<p><strong>Love Actually<\/strong><br \/><em>Glasgow Love Theme<\/em><\/p>\n\n\n\n<p><strong>Moana<\/strong><strong><br \/><\/strong><em>How Far I&#8217;ll Go<\/em><\/p>\n\n\n\n<p><strong>Phantom of the Opera<\/strong><strong><br \/><\/strong><em>All I Ask of You <\/em> <\/p>\n\n\n\n<p><strong>Sailor Moon<\/strong><br \/><em>Main Title<\/em><\/p>\n\n\n\n<p><strong>Spirited Away<\/strong><br \/><em>Itsumo Nandodemo (always With Me)<\/em><\/p>\n\n\n\n<p><strong>Tarzan<\/strong><strong><br \/><\/strong><em>You&#8217;ll Be in My Heart<\/em><\/p>\n\n\n\n<p><strong>Tangled<\/strong><br \/><em>I See The Light<\/em><\/p>\n\n\n\n<p><strong>Titanic<\/strong><strong><br \/><\/strong><em>My Heart Will Go On<\/em><\/p>\n\n\n\n<p><strong>Up<br \/><\/strong><em>Theme from Up<br \/>Married Life<\/em> (from <em>Up<\/em>)<\/p>\n\n\n\n<p><strong>Willy Wonka And The Chocolate Factory<\/strong><br \/><em>Pure Imagination<\/em><\/p>\n\n\n\n<p style=\"font-size:clamp(14px, 0.875rem + ((1vw - 3.2px) * 0.455), 18px);px\"><strong>Wizard of Oz<br \/><\/strong><em>Over the Rainbow<\/em><\/p>\n<\/div>\n<\/div>\n<\/div>\n\n<h2 class=\"wp-block-heading has-text-color has-link-color wp-elements-1598bf91b685e04f7cd697a9ec4ecd9f\" style=\"color:#10444c;font-size:clamp(23.043px, 1.44rem + ((1vw - 3.2px) * 1.7), 38px);px;line-height:1.4\">Dette er en lille repr\u00e6sentation af mit repertoire af keltisk og klassisk musik. Jeg har en meget st\u00f8rre samling tilg\u00e6ngelig. <\/h2>\n\n<div class=\"wp-block-group alignfull has-global-padding is-layout-constrained wp-container-core-group-is-layout-28740690 wp-block-group-is-layout-constrained\" style=\"margin-top:0;margin-bottom:0;padding-top:100px;padding-bottom:100px\">\n<div class=\"wp-block-columns is-layout-flex wp-container-core-columns-is-layout-6c1444e2 wp-block-columns-is-layout-flex\">\n<div class=\"wp-block-column is-layout-flow wp-container-core-column-is-layout-3ca914a4 wp-block-column-is-layout-flow\">\n<h5 class=\"wp-block-heading has-text-align-left has-text-color\" style=\"color:#10444c;font-size:clamp(15.747px, 0.984rem + ((1vw - 3.2px) * 0.938), 24px);font-style:normal;font-weight:600;text-transform:capitalize\"><strong><strong>Keltisk Repertoire<\/strong><\/strong><\/h5>\n\n\n\n<p id=\"yui_3_17_2_1_1725442135003_574\"><\/p>\n\n\n\n<p>Ae Fond Kiss<\/p>\n\n\n\n<p>A Mhairi Bhan Og<\/p>\n\n\n\n<p>The Aran Boat Song<\/p>\n\n\n\n<p>Braigh Loch Iall<\/p>\n\n\n\n<p>Chi mi na mor-bheanna<\/p>\n\n\n\n<p>The Cliffs of Doneen<\/p>\n\n\n\n<p>Crodh Chailein<\/p>\n\n\n\n<p>The Dark Island<\/p>\n\n\n\n<p>The Eriskay Love Lilt<\/p>\n\n\n\n<p>Fairy Lullaby<\/p>\n\n\n\n<p>Fear a Bhata<\/p>\n\n\n\n<p>Mo Ghille Mear<\/p>\n\n\n\n<p>My Love is Like a Red Red Rose<\/p>\n\n\n\n<p>Lochaber no More<\/p>\n\n\n\n<p>Loch Leven<\/p>\n\n\n\n<p>Loch Lomond<\/p>\n\n\n\n<p>Lovely Stornoway<\/p>\n\n\n\n<p>Sine Bhan<\/p>\n\n\n\n<p>The Sound of Mull<\/p>\n\n\n\n<p>Skye Boat Song<\/p>\n\n\n\n<p>Taladh Chriosta<\/p>\n\n\n\n<p>Westering Home<\/p>\n\n\n\n<p>Wild Mountain Thyme<\/p>\n\n\n\n<p>Ye Banks and Braes<\/p>\n<\/div>\n\n\n\n<div class=\"wp-block-column is-layout-flow wp-container-core-column-is-layout-3ca914a4 wp-block-column-is-layout-flow\">\n<h5 class=\"wp-block-heading has-text-align-left has-text-color\" style=\"color:#10444c;font-size:clamp(15.747px, 0.984rem + ((1vw - 3.2px) * 0.938), 24px);font-style:normal;font-weight:600;text-transform:capitalize\"><strong><strong><strong>Klassisk<\/strong><\/strong><\/strong><\/h5>\n\n\n\n<p class=\"has-text-align-center has-text-color\" style=\"color:#28467f;font-size:14px\"><\/p>\n\n\n\n<p><strong>Bach<\/strong><br \/><em>Prelude in C<\/em><\/p>\n\n\n\n<p><strong>Beethoven<\/strong><br \/><em>Ode to Joy<\/em><\/p>\n\n\n\n<p><strong>Debussy<\/strong><br \/><em>Arabesque<\/em><\/p>\n\n\n\n<p><strong>Giacomo Puccini<\/strong><br \/><em>Nessun Dorma<\/em><\/p>\n\n\n\n<p><strong>Johann Strauss II<\/strong><br \/><em>The Blue Danube<\/em><\/p>\n\n\n\n<p><strong>Jeremiah Clarke<\/strong><br \/><em>Trumpet Voluntary<\/em><\/p>\n\n\n\n<p><strong>Leo Delibes<\/strong><br \/><em>The Flower Duet<\/em><\/p>\n\n\n\n<p><strong>Mendelssohn<\/strong><br \/><em>Wedding March<\/em><\/p>\n\n\n\n<p><strong>Pachelbel<\/strong><br \/><em>Canon in D<\/em><\/p>\n\n\n\n<p><strong>Schubert<\/strong><br \/><em>Ave Maria<\/em><\/p>\n\n\n\n<p><strong>Wagner<\/strong><br \/><em>Bridal Chorus<\/em><\/p>\n<\/div>\n<\/div>\n<\/div>\n\n<p><\/p>\n","protected":false},"excerpt":{"rendered":"<p>Et udvalg af sange, som jeg kan spille p\u00e5 harpe. Jeg arbejder i \u00f8jeblikket p\u00e5 at udvide mit repertoire af popul\u00e6re danske sange. Giv mig endelig besked, hvis du har nogle specielle \u00f8nsker. Popul\u00e6r Musik AbbaDancing Queen Alberte WindingLyse N\u00e6tter Andrea BocelliTime To Say Goodbye Barbara StreisandEvergreen Bee GeesHow Deep Is Your Love Ben E [&hellip;]<\/p>\n","protected":false},"author":1,"featured_media":0,"parent":0,"menu_order":0,"comment_status":"closed","ping_status":"closed","template":"","meta":{"_monsterinsights_skip_tracking":false,"_monsterinsights_sitenote_active":false,"_monsterinsights_sitenote_note":"","_monsterinsights_sitenote_category":0,"footnotes":""},"class_list":["post-918","page","type-page","status-publish","hentry"],"yoast_head":"<!-- This site is optimized with the Yoast SEO plugin v24.6 - https:\/\/yoast.com\/wordpress\/plugins\/seo\/ -->\n<title>Musik - Steaph Chaimbeul<\/title>\n<meta name=\"robots\" content=\"index, follow, max-snippet:-1, max-image-preview:large, max-video-preview:-1\" \/>\n<link rel=\"canonical\" href=\"https:\/\/harpist.dk\/da\/musik\/\" \/>\n<meta property=\"og:locale\" content=\"da_DK\" \/>\n<meta property=\"og:type\" content=\"article\" \/>\n<meta property=\"og:title\" content=\"Musik - Steaph Chaimbeul\" \/>\n<meta property=\"og:description\" content=\"Et udvalg af sange, som jeg kan spille p\u00e5 harpe. Jeg arbejder i \u00f8jeblikket p\u00e5 at udvide mit repertoire af popul\u00e6re danske sange. Giv mig endelig besked, hvis du har nogle specielle \u00f8nsker. Popul\u00e6r Musik AbbaDancing Queen Alberte WindingLyse N\u00e6tter Andrea BocelliTime To Say Goodbye Barbara StreisandEvergreen Bee GeesHow Deep Is Your Love Ben E [&hellip;]\" \/>\n<meta property=\"og:url\" content=\"https:\/\/harpist.dk\/da\/musik\/\" \/>\n<meta property=\"og:site_name\" content=\"Steaph Chaimbeul\" \/>\n<meta property=\"article:publisher\" content=\"www.facebook.com\/harpistdk\" \/>\n<meta property=\"article:modified_time\" content=\"2026-04-06T02:29:24+00:00\" \/>\n<meta name=\"twitter:card\" content=\"summary_large_image\" \/>\n<meta name=\"twitter:label1\" content=\"Estimeret l\u00e6setid\" \/>\n\t<meta name=\"twitter:data1\" content=\"3 minutter\" \/>\n<script type=\"application\/ld+json\" class=\"yoast-schema-graph\">{\"@context\":\"https:\/\/schema.org\",\"@graph\":[{\"@type\":\"WebPage\",\"@id\":\"https:\/\/harpist.dk\/da\/musik\/\",\"url\":\"https:\/\/harpist.dk\/da\/musik\/\",\"name\":\"Musik - Steaph Chaimbeul\",\"isPartOf\":{\"@id\":\"https:\/\/harpist.dk\/da\/#website\"},\"datePublished\":\"2024-09-03T22:44:12+00:00\",\"dateModified\":\"2026-04-06T02:29:24+00:00\",\"breadcrumb\":{\"@id\":\"https:\/\/harpist.dk\/da\/musik\/#breadcrumb\"},\"inLanguage\":\"da-DK\",\"potentialAction\":[{\"@type\":\"ReadAction\",\"target\":[\"https:\/\/harpist.dk\/da\/musik\/\"]}]},{\"@type\":\"BreadcrumbList\",\"@id\":\"https:\/\/harpist.dk\/da\/musik\/#breadcrumb\",\"itemListElement\":[{\"@type\":\"ListItem\",\"position\":1,\"name\":\"Home\",\"item\":\"https:\/\/harpist.dk\/da\/\"},{\"@type\":\"ListItem\",\"position\":2,\"name\":\"Musik\"}]},{\"@type\":\"WebSite\",\"@id\":\"https:\/\/harpist.dk\/da\/#website\",\"url\":\"https:\/\/harpist.dk\/da\/\",\"name\":\"Steaph Chaimbeul - harpist\",\"description\":\"Elevate your event with live harp music\",\"publisher\":{\"@id\":\"https:\/\/harpist.dk\/da\/#\/schema\/person\/bc90376cc07517b3f9e25f7de1102409\"},\"potentialAction\":[{\"@type\":\"SearchAction\",\"target\":{\"@type\":\"EntryPoint\",\"urlTemplate\":\"https:\/\/harpist.dk\/da\/?s={search_term_string}\"},\"query-input\":{\"@type\":\"PropertyValueSpecification\",\"valueRequired\":true,\"valueName\":\"search_term_string\"}}],\"inLanguage\":\"da-DK\"},{\"@type\":[\"Person\",\"Organization\"],\"@id\":\"https:\/\/harpist.dk\/da\/#\/schema\/person\/bc90376cc07517b3f9e25f7de1102409\",\"name\":\"Steaph\",\"image\":{\"@type\":\"ImageObject\",\"inLanguage\":\"da-DK\",\"@id\":\"https:\/\/harpist.dk\/da\/#\/schema\/person\/image\/\",\"url\":\"https:\/\/harpist.dk\/wp-content\/uploads\/2024\/09\/LogoMakr-733BO8-300dpi.png\",\"contentUrl\":\"https:\/\/harpist.dk\/wp-content\/uploads\/2024\/09\/LogoMakr-733BO8-300dpi.png\",\"width\":1187,\"height\":1440,\"caption\":\"Steaph\"},\"logo\":{\"@id\":\"https:\/\/harpist.dk\/da\/#\/schema\/person\/image\/\"},\"sameAs\":[\"http:\/\/harpist.dk\",\"www.facebook.com\/harpistdk\",\"www.instagram.com\/harpistdk\"]}]}<\/script>\n<!-- \/ Yoast SEO plugin. -->","yoast_head_json":{"title":"Musik - Steaph Chaimbeul","robots":{"index":"index","follow":"follow","max-snippet":"max-snippet:-1","max-image-preview":"max-image-preview:large","max-video-preview":"max-video-preview:-1"},"canonical":"https:\/\/harpist.dk\/da\/musik\/","og_locale":"da_DK","og_type":"article","og_title":"Musik - Steaph Chaimbeul","og_description":"Et udvalg af sange, som jeg kan spille p\u00e5 harpe. Jeg arbejder i \u00f8jeblikket p\u00e5 at udvide mit repertoire af popul\u00e6re danske sange. Giv mig endelig besked, hvis du har nogle specielle \u00f8nsker. Popul\u00e6r Musik AbbaDancing Queen Alberte WindingLyse N\u00e6tter Andrea BocelliTime To Say Goodbye Barbara StreisandEvergreen Bee GeesHow Deep Is Your Love Ben E [&hellip;]","og_url":"https:\/\/harpist.dk\/da\/musik\/","og_site_name":"Steaph Chaimbeul","article_publisher":"www.facebook.com\/harpistdk","article_modified_time":"2026-04-06T02:29:24+00:00","twitter_card":"summary_large_image","twitter_misc":{"Estimeret l\u00e6setid":"3 minutter"},"schema":{"@context":"https:\/\/schema.org","@graph":[{"@type":"WebPage","@id":"https:\/\/harpist.dk\/da\/musik\/","url":"https:\/\/harpist.dk\/da\/musik\/","name":"Musik - Steaph Chaimbeul","isPartOf":{"@id":"https:\/\/harpist.dk\/da\/#website"},"datePublished":"2024-09-03T22:44:12+00:00","dateModified":"2026-04-06T02:29:24+00:00","breadcrumb":{"@id":"https:\/\/harpist.dk\/da\/musik\/#breadcrumb"},"inLanguage":"da-DK","potentialAction":[{"@type":"ReadAction","target":["https:\/\/harpist.dk\/da\/musik\/"]}]},{"@type":"BreadcrumbList","@id":"https:\/\/harpist.dk\/da\/musik\/#breadcrumb","itemListElement":[{"@type":"ListItem","position":1,"name":"Home","item":"https:\/\/harpist.dk\/da\/"},{"@type":"ListItem","position":2,"name":"Musik"}]},{"@type":"WebSite","@id":"https:\/\/harpist.dk\/da\/#website","url":"https:\/\/harpist.dk\/da\/","name":"Steaph Chaimbeul - harpist","description":"Elevate your event with live harp music","publisher":{"@id":"https:\/\/harpist.dk\/da\/#\/schema\/person\/bc90376cc07517b3f9e25f7de1102409"},"potentialAction":[{"@type":"SearchAction","target":{"@type":"EntryPoint","urlTemplate":"https:\/\/harpist.dk\/da\/?s={search_term_string}"},"query-input":{"@type":"PropertyValueSpecification","valueRequired":true,"valueName":"search_term_string"}}],"inLanguage":"da-DK"},{"@type":["Person","Organization"],"@id":"https:\/\/harpist.dk\/da\/#\/schema\/person\/bc90376cc07517b3f9e25f7de1102409","name":"Steaph","image":{"@type":"ImageObject","inLanguage":"da-DK","@id":"https:\/\/harpist.dk\/da\/#\/schema\/person\/image\/","url":"https:\/\/harpist.dk\/wp-content\/uploads\/2024\/09\/LogoMakr-733BO8-300dpi.png","contentUrl":"https:\/\/harpist.dk\/wp-content\/uploads\/2024\/09\/LogoMakr-733BO8-300dpi.png","width":1187,"height":1440,"caption":"Steaph"},"logo":{"@id":"https:\/\/harpist.dk\/da\/#\/schema\/person\/image\/"},"sameAs":["http:\/\/harpist.dk","www.facebook.com\/harpistdk","www.instagram.com\/harpistdk"]}]}},"_links":{"self":[{"href":"https:\/\/harpist.dk\/da\/wp-json\/wp\/v2\/pages\/918","targetHints":{"allow":["GET"]}}],"collection":[{"href":"https:\/\/harpist.dk\/da\/wp-json\/wp\/v2\/pages"}],"about":[{"href":"https:\/\/harpist.dk\/da\/wp-json\/wp\/v2\/types\/page"}],"author":[{"embeddable":true,"href":"https:\/\/harpist.dk\/da\/wp-json\/wp\/v2\/users\/1"}],"replies":[{"embeddable":true,"href":"https:\/\/harpist.dk\/da\/wp-json\/wp\/v2\/comments?post=918"}],"version-history":[{"count":2,"href":"https:\/\/harpist.dk\/da\/wp-json\/wp\/v2\/pages\/918\/revisions"}],"predecessor-version":[{"id":1135,"href":"https:\/\/harpist.dk\/da\/wp-json\/wp\/v2\/pages\/918\/revisions\/1135"}],"wp:attachment":[{"href":"https:\/\/harpist.dk\/da\/wp-json\/wp\/v2\/media?parent=918"}],"curies":[{"name":"wp","href":"https:\/\/api.w.org\/{rel}","templated":true}]}}