{"id":914,"date":"2024-09-03T14:06:35","date_gmt":"2024-09-03T12:06:35","guid":{"rendered":"https:\/\/harpi.st\/om\/"},"modified":"2026-04-29T00:10:03","modified_gmt":"2026-04-28T22:10:03","slug":"om","status":"publish","type":"page","link":"https:\/\/harpist.dk\/da\/om\/","title":{"rendered":"Om"},"content":{"rendered":"\n<div class=\"wp-block-cover alignfull is-light wp-duotone-unset-1\" style=\"min-height:100vh;aspect-ratio:unset;\"><span aria-hidden=\"true\" class=\"wp-block-cover__background has-background-dim-20 has-background-dim\" style=\"background-color:#c6b7b1\"><\/span><img loading=\"lazy\" decoding=\"async\" width=\"2160\" height=\"1440\" sizes=\"auto, 100vw\" class=\"wp-block-cover__image-background wp-image-675\" alt=\"\" src=\"https:\/\/harpist.dk\/wp-content\/uploads\/2024\/09\/Steaph-Chaimbeul-24-3.jpg\" data-object-fit=\"cover\" \/><div class=\"wp-block-cover__inner-container has-global-padding is-layout-constrained wp-container-core-cover-is-layout-4383d167 wp-block-cover-is-layout-constrained\">\n<h2 class=\"wp-block-heading has-text-align-center has-text-color has-work-sans-font-family\" style=\"color:#ffffff;font-size:clamp(50.171px, 3.136rem + ((1vw - 3.2px) * 5.662), 100px);font-style:normal;font-weight:300;letter-spacing:15px;text-transform:uppercase\">OM STEAPH<\/h2>\n<\/div><\/div>\n\n<div class=\"wp-block-cover alignfull is-light\"><span aria-hidden=\"true\" class=\"wp-block-cover__background has-background-dim-0 has-background-dim\" style=\"background-color:#f3f3f3\"><\/span><div class=\"wp-block-cover__inner-container has-global-padding is-layout-constrained wp-block-cover-is-layout-constrained\">\n<div class=\"wp-block-group alignfull has-global-padding is-layout-constrained wp-container-core-group-is-layout-6ccb5f3b wp-block-group-is-layout-constrained\" style=\"padding-top:45px;padding-bottom:80px\">\n<div class=\"wp-block-columns alignwide is-layout-flex wp-container-core-columns-is-layout-bad5dd0e wp-block-columns-is-layout-flex\">\n<div class=\"wp-block-column is-layout-flow wp-container-core-column-is-layout-1284340a wp-block-column-is-layout-flow\" style=\"padding-right:10px;padding-left:10px;flex-basis:60%\">\n<h6 class=\"wp-block-heading has-text-color has-link-color wp-elements-8af2ad19ed6900cefeaccae3b7bc2adb\" style=\"color:#959e95;font-size:clamp(0.875rem, 0.875rem + ((1vw - 0.2rem) * 0.045), 0.9rem);font-style:normal;font-weight:500\"><\/h6>\n\n\n\n<div class=\"wp-block-group has-global-padding is-content-justification-left is-layout-constrained wp-container-core-group-is-layout-aaf2b7b1 wp-block-group-is-layout-constrained\" style=\"padding-bottom:10px\">\n<p>Jeg voksede op p\u00e5 \u00f8en Skye i Skotland, omgivet af g\u00e6lisk sang, musik og kultur, som har haft en dyb indvirkning p\u00e5 min musik. Min passion for harpen begyndte i en ung alder, og senere udviklede jeg mine f\u00e6rdigheder gennem klassisk musik. I dag er min musik en unik fusion af traditionelle og klassiske stilarter, med et moderne twist.  <\/p>\n\n\n\n<p>I 2023 vil jeg dimittere med en kandidatgrad i musik fra Det Kongelige Danske Musikkonservatorium. Jeg har ogs\u00e5 l\u00e6st p\u00e5 Royal Northern College of Music i Manchester og p\u00e5 Brest Conservatoire i Bretagne. Jeg er i \u00f8jeblikket bosat i K\u00f8benhavn <\/p>\n\n\n\n<p>Jeg har haft forn\u00f8jelse af at optr\u00e6de som orkestermusiker med flere danske ensembler, herunder Danish Radio Orchestra, DR Pigekoret, Copenhagen Philharmonic og Aalborg Symfoniorkester. Mit repertoire sp\u00e6nder bredt fra moderne pop- og filmmusik til keltisk og klassisk musik. Jeg nyder at arbejde t\u00e6t sammen med mine kunder for at skabe personlige musikalske oplevelser, og er altid villig til at im\u00f8dekomme specifikke sang\u00f8nsker.  <\/p>\n\n\n\n<p>Som harpenist fors\u00f8ger jeg at bringe en elegant og magisk stemning til enhver begivenhed. Uanset om du planl\u00e6gger en bryllupsfest, en firmafest eller en privat fest, kan jeg hj\u00e6lpe med at skabe den perfekte atmosf\u00e6re med min harpemusik. <\/p>\n<\/div>\n<\/div>\n\n\n\n<div class=\"wp-block-column is-layout-flow wp-block-column-is-layout-flow\" style=\"padding-right:10px;padding-left:10px;flex-basis:40%\">\n<figure class=\"wp-block-image size-full has-custom-border\"><img loading=\"lazy\" decoding=\"async\" width=\"960\" height=\"1440\" sizes=\"auto, (max-width: 260px) 100vw, 260px\" src=\"https:\/\/harpist.dk\/wp-content\/uploads\/2024\/09\/Steaph-Chaimbeul-26-5.jpg\" alt=\"\" class=\"wp-image-441\" style=\"border-radius:16px\" \/><\/figure>\n<\/div>\n<\/div>\n<\/div>\n<\/div><\/div>\n","protected":false},"excerpt":{"rendered":"","protected":false},"author":1,"featured_media":0,"parent":0,"menu_order":0,"comment_status":"closed","ping_status":"closed","template":"","meta":{"_monsterinsights_skip_tracking":false,"_monsterinsights_sitenote_active":false,"_monsterinsights_sitenote_note":"","_monsterinsights_sitenote_category":0,"footnotes":""},"class_list":["post-914","page","type-page","status-publish","hentry"],"yoast_head":"<!-- This site is optimized with the Yoast SEO plugin v24.6 - https:\/\/yoast.com\/wordpress\/plugins\/seo\/ -->\n<title>Om - Steaph Chaimbeul<\/title>\n<meta name=\"robots\" content=\"index, follow, max-snippet:-1, max-image-preview:large, max-video-preview:-1\" \/>\n<link rel=\"canonical\" href=\"https:\/\/harpist.dk\/da\/om\/\" \/>\n<meta property=\"og:locale\" content=\"da_DK\" \/>\n<meta property=\"og:type\" content=\"article\" \/>\n<meta property=\"og:title\" content=\"Om - Steaph Chaimbeul\" \/>\n<meta property=\"og:url\" content=\"https:\/\/harpist.dk\/da\/om\/\" \/>\n<meta property=\"og:site_name\" content=\"Steaph Chaimbeul\" \/>\n<meta property=\"article:publisher\" content=\"www.facebook.com\/harpistdk\" \/>\n<meta property=\"article:modified_time\" content=\"2026-04-28T22:10:03+00:00\" \/>\n<meta property=\"og:image\" content=\"https:\/\/harpist.dk\/wp-content\/uploads\/2024\/09\/Steaph-Chaimbeul-24-3.jpg\" \/>\n\t<meta property=\"og:image:width\" content=\"2160\" \/>\n\t<meta property=\"og:image:height\" content=\"1440\" \/>\n\t<meta property=\"og:image:type\" content=\"image\/jpeg\" \/>\n<meta name=\"twitter:card\" content=\"summary_large_image\" \/>\n<meta name=\"twitter:label1\" content=\"Estimeret l\u00e6setid\" \/>\n\t<meta name=\"twitter:data1\" content=\"1 minut\" \/>\n<script type=\"application\/ld+json\" class=\"yoast-schema-graph\">{\"@context\":\"https:\/\/schema.org\",\"@graph\":[{\"@type\":\"WebPage\",\"@id\":\"https:\/\/harpist.dk\/da\/om\/\",\"url\":\"https:\/\/harpist.dk\/da\/om\/\",\"name\":\"Om - Steaph Chaimbeul\",\"isPartOf\":{\"@id\":\"https:\/\/harpist.dk\/da\/#website\"},\"primaryImageOfPage\":{\"@id\":\"https:\/\/harpist.dk\/da\/om\/#primaryimage\"},\"image\":{\"@id\":\"https:\/\/harpist.dk\/da\/om\/#primaryimage\"},\"thumbnailUrl\":\"https:\/\/harpist.dk\/wp-content\/uploads\/2024\/09\/Steaph-Chaimbeul-24-3.jpg\",\"datePublished\":\"2024-09-03T12:06:35+00:00\",\"dateModified\":\"2026-04-28T22:10:03+00:00\",\"breadcrumb\":{\"@id\":\"https:\/\/harpist.dk\/da\/om\/#breadcrumb\"},\"inLanguage\":\"da-DK\",\"potentialAction\":[{\"@type\":\"ReadAction\",\"target\":[\"https:\/\/harpist.dk\/da\/om\/\"]}]},{\"@type\":\"ImageObject\",\"inLanguage\":\"da-DK\",\"@id\":\"https:\/\/harpist.dk\/da\/om\/#primaryimage\",\"url\":\"https:\/\/harpist.dk\/wp-content\/uploads\/2024\/09\/Steaph-Chaimbeul-24-3.jpg\",\"contentUrl\":\"https:\/\/harpist.dk\/wp-content\/uploads\/2024\/09\/Steaph-Chaimbeul-24-3.jpg\"},{\"@type\":\"BreadcrumbList\",\"@id\":\"https:\/\/harpist.dk\/da\/om\/#breadcrumb\",\"itemListElement\":[{\"@type\":\"ListItem\",\"position\":1,\"name\":\"Home\",\"item\":\"https:\/\/harpist.dk\/da\/\"},{\"@type\":\"ListItem\",\"position\":2,\"name\":\"Om\"}]},{\"@type\":\"WebSite\",\"@id\":\"https:\/\/harpist.dk\/da\/#website\",\"url\":\"https:\/\/harpist.dk\/da\/\",\"name\":\"Steaph Chaimbeul - harpist\",\"description\":\"Elevate your event with live harp music\",\"publisher\":{\"@id\":\"https:\/\/harpist.dk\/da\/#\/schema\/person\/bc90376cc07517b3f9e25f7de1102409\"},\"potentialAction\":[{\"@type\":\"SearchAction\",\"target\":{\"@type\":\"EntryPoint\",\"urlTemplate\":\"https:\/\/harpist.dk\/da\/?s={search_term_string}\"},\"query-input\":{\"@type\":\"PropertyValueSpecification\",\"valueRequired\":true,\"valueName\":\"search_term_string\"}}],\"inLanguage\":\"da-DK\"},{\"@type\":[\"Person\",\"Organization\"],\"@id\":\"https:\/\/harpist.dk\/da\/#\/schema\/person\/bc90376cc07517b3f9e25f7de1102409\",\"name\":\"Steaph\",\"image\":{\"@type\":\"ImageObject\",\"inLanguage\":\"da-DK\",\"@id\":\"https:\/\/harpist.dk\/da\/#\/schema\/person\/image\/\",\"url\":\"https:\/\/harpist.dk\/wp-content\/uploads\/2024\/09\/LogoMakr-733BO8-300dpi.png\",\"contentUrl\":\"https:\/\/harpist.dk\/wp-content\/uploads\/2024\/09\/LogoMakr-733BO8-300dpi.png\",\"width\":1187,\"height\":1440,\"caption\":\"Steaph\"},\"logo\":{\"@id\":\"https:\/\/harpist.dk\/da\/#\/schema\/person\/image\/\"},\"sameAs\":[\"http:\/\/harpist.dk\",\"www.facebook.com\/harpistdk\",\"www.instagram.com\/harpistdk\"]}]}<\/script>\n<!-- \/ Yoast SEO plugin. -->","yoast_head_json":{"title":"Om - Steaph Chaimbeul","robots":{"index":"index","follow":"follow","max-snippet":"max-snippet:-1","max-image-preview":"max-image-preview:large","max-video-preview":"max-video-preview:-1"},"canonical":"https:\/\/harpist.dk\/da\/om\/","og_locale":"da_DK","og_type":"article","og_title":"Om - Steaph Chaimbeul","og_url":"https:\/\/harpist.dk\/da\/om\/","og_site_name":"Steaph Chaimbeul","article_publisher":"www.facebook.com\/harpistdk","article_modified_time":"2026-04-28T22:10:03+00:00","og_image":[{"width":2160,"height":1440,"url":"https:\/\/harpist.dk\/wp-content\/uploads\/2024\/09\/Steaph-Chaimbeul-24-3.jpg","type":"image\/jpeg"}],"twitter_card":"summary_large_image","twitter_misc":{"Estimeret l\u00e6setid":"1 minut"},"schema":{"@context":"https:\/\/schema.org","@graph":[{"@type":"WebPage","@id":"https:\/\/harpist.dk\/da\/om\/","url":"https:\/\/harpist.dk\/da\/om\/","name":"Om - Steaph Chaimbeul","isPartOf":{"@id":"https:\/\/harpist.dk\/da\/#website"},"primaryImageOfPage":{"@id":"https:\/\/harpist.dk\/da\/om\/#primaryimage"},"image":{"@id":"https:\/\/harpist.dk\/da\/om\/#primaryimage"},"thumbnailUrl":"https:\/\/harpist.dk\/wp-content\/uploads\/2024\/09\/Steaph-Chaimbeul-24-3.jpg","datePublished":"2024-09-03T12:06:35+00:00","dateModified":"2026-04-28T22:10:03+00:00","breadcrumb":{"@id":"https:\/\/harpist.dk\/da\/om\/#breadcrumb"},"inLanguage":"da-DK","potentialAction":[{"@type":"ReadAction","target":["https:\/\/harpist.dk\/da\/om\/"]}]},{"@type":"ImageObject","inLanguage":"da-DK","@id":"https:\/\/harpist.dk\/da\/om\/#primaryimage","url":"https:\/\/harpist.dk\/wp-content\/uploads\/2024\/09\/Steaph-Chaimbeul-24-3.jpg","contentUrl":"https:\/\/harpist.dk\/wp-content\/uploads\/2024\/09\/Steaph-Chaimbeul-24-3.jpg"},{"@type":"BreadcrumbList","@id":"https:\/\/harpist.dk\/da\/om\/#breadcrumb","itemListElement":[{"@type":"ListItem","position":1,"name":"Home","item":"https:\/\/harpist.dk\/da\/"},{"@type":"ListItem","position":2,"name":"Om"}]},{"@type":"WebSite","@id":"https:\/\/harpist.dk\/da\/#website","url":"https:\/\/harpist.dk\/da\/","name":"Steaph Chaimbeul - harpist","description":"Elevate your event with live harp music","publisher":{"@id":"https:\/\/harpist.dk\/da\/#\/schema\/person\/bc90376cc07517b3f9e25f7de1102409"},"potentialAction":[{"@type":"SearchAction","target":{"@type":"EntryPoint","urlTemplate":"https:\/\/harpist.dk\/da\/?s={search_term_string}"},"query-input":{"@type":"PropertyValueSpecification","valueRequired":true,"valueName":"search_term_string"}}],"inLanguage":"da-DK"},{"@type":["Person","Organization"],"@id":"https:\/\/harpist.dk\/da\/#\/schema\/person\/bc90376cc07517b3f9e25f7de1102409","name":"Steaph","image":{"@type":"ImageObject","inLanguage":"da-DK","@id":"https:\/\/harpist.dk\/da\/#\/schema\/person\/image\/","url":"https:\/\/harpist.dk\/wp-content\/uploads\/2024\/09\/LogoMakr-733BO8-300dpi.png","contentUrl":"https:\/\/harpist.dk\/wp-content\/uploads\/2024\/09\/LogoMakr-733BO8-300dpi.png","width":1187,"height":1440,"caption":"Steaph"},"logo":{"@id":"https:\/\/harpist.dk\/da\/#\/schema\/person\/image\/"},"sameAs":["http:\/\/harpist.dk","www.facebook.com\/harpistdk","www.instagram.com\/harpistdk"]}]}},"_links":{"self":[{"href":"https:\/\/harpist.dk\/da\/wp-json\/wp\/v2\/pages\/914","targetHints":{"allow":["GET"]}}],"collection":[{"href":"https:\/\/harpist.dk\/da\/wp-json\/wp\/v2\/pages"}],"about":[{"href":"https:\/\/harpist.dk\/da\/wp-json\/wp\/v2\/types\/page"}],"author":[{"embeddable":true,"href":"https:\/\/harpist.dk\/da\/wp-json\/wp\/v2\/users\/1"}],"replies":[{"embeddable":true,"href":"https:\/\/harpist.dk\/da\/wp-json\/wp\/v2\/comments?post=914"}],"version-history":[{"count":3,"href":"https:\/\/harpist.dk\/da\/wp-json\/wp\/v2\/pages\/914\/revisions"}],"predecessor-version":[{"id":1123,"href":"https:\/\/harpist.dk\/da\/wp-json\/wp\/v2\/pages\/914\/revisions\/1123"}],"wp:attachment":[{"href":"https:\/\/harpist.dk\/da\/wp-json\/wp\/v2\/media?parent=914"}],"curies":[{"name":"wp","href":"https:\/\/api.w.org\/{rel}","templated":true}]}}